{"id":6143,"date":"2022-12-21T14:05:38","date_gmt":"2022-12-21T14:05:38","guid":{"rendered":"https:\/\/amantesdeteruel.es\/?page_id=6143"},"modified":"2022-12-22T11:57:51","modified_gmt":"2022-12-22T11:57:51","slug":"prueba-actividades-portada","status":"publish","type":"page","link":"https:\/\/amantesdeteruel.es\/fr\/prueba-actividades-portada\/","title":{"rendered":"prueba actividades portada"},"content":{"rendered":"<p>[et_pb_section fb_built=\u00a0\u00bb1&Prime; _builder_version=\u00a0\u00bb4.19.2&Prime; _module_preset=\u00a0\u00bbdefault\u00a0\u00bb global_colors_info=\u00a0\u00bb{}\u00a0\u00bb][et_pb_row _builder_version=\u00a0\u00bb4.19.2&Prime; _module_preset=\u00a0\u00bbdefault\u00a0\u00bb global_colors_info=\u00a0\u00bb{}\u00a0\u00bb][et_pb_column type=\u00a0\u00bb4_4&Prime; _builder_version=\u00a0\u00bb4.19.2&Prime; _module_preset=\u00a0\u00bbdefault\u00a0\u00bb global_colors_info=\u00a0\u00bb{}\u00a0\u00bb][et_pb_code _builder_version=\u00a0\u00bb4.19.2&Prime; _module_preset=\u00a0\u00bbdefault\u00a0\u00bb global_colors_info=\u00a0\u00bb{}\u00a0\u00bb]<div class=\"actividades-main\"><div class=\"actividad-container\"><a href=\"https:\/\/amantesdeteruel.es\/fr\/post_actividad\/ana-carla-maza-alamar-tour-solitario\/\" class=\"actividad\"><img decoding=\"async\" class=\"image\" src=\"https:\/\/amantesdeteruel.es\/wp-content\/uploads\/2026\/01\/AnaCarlaMaza_ALAMAR_Press_03_cDominiqueSouse.png\"><\/img><div class=\"actividad-content\"><div class=\"date\">17 de avril de 2026<\/div><div class=\"title\">ANA CARLA MAZA-ALAMAR Tour &#8211; Solitario\u00a0<\/div><div>Donde la virtuosidad, la emoci\u00f3n y la luz se encuentran Entre Par\u00eds y La Habana, Ana Carla Maza traza un puente musical entre las dos orillas del Atl\u00e1ntico. Su m\u00fasica es un viaje sin fronteras, donde el violonchelo se transforma en ritmo, voz y alma. Tras una gira muy exitosa por Espa\u00f1a, la artista regresa con&nbsp;ALAMAR, su nuevo y luminoso \u00e1lbum: una obra profundamente personal que celebra el origen, la memoria y la alegr\u00eda de vivir. Sobre el escenario, Ana Carla Maza despliega una presencia magn\u00e9tica: canta, toca, baila y respira la m\u00fasica con una energ\u00eda arrolladora. Su violonchelo es\u2026<\/div><\/div><\/a><\/div><\/div>[\/et_pb_code][et_pb_text _builder_version=\u00a0\u00bb4.19.2&Prime; _module_preset=\u00a0\u00bbdefault\u00a0\u00bb]<\/p>\n<h1>Texto 1<\/h1>\n<h2>Texto 1<\/h2>\n<h3>Texto 1<\/h3>\n<h4>Texto 1<\/h4>\n<h5>Texto 1<\/h5>\n<h6>Texto 1<\/h6>\n<p>[\/et_pb_text][\/et_pb_column][\/et_pb_row][\/et_pb_section]<\/p>\n","protected":false},"excerpt":{"rendered":"<p>[et_pb_section fb_built=\u00a0\u00bb1&Prime; _builder_version=\u00a0\u00bb4.19.2&Prime; _module_preset=\u00a0\u00bbdefault\u00a0\u00bb global_colors_info=\u00a0\u00bb{}\u00a0\u00bb][et_pb_row _builder_version=\u00a0\u00bb4.19.2&Prime; _module_preset=\u00a0\u00bbdefault\u00a0\u00bb global_colors_info=\u00a0\u00bb{}\u00a0\u00bb][et_pb_column type=\u00a0\u00bb4_4&Prime; _builder_version=\u00a0\u00bb4.19.2&Prime; _module_preset=\u00a0\u00bbdefault\u00a0\u00bb global_colors_info=\u00a0\u00bb{}\u00a0\u00bb][et_pb_code _builder_version=\u00a0\u00bb4.19.2&Prime; _module_preset=\u00a0\u00bbdefault\u00a0\u00bb global_colors_info=\u00a0\u00bb{}\u00a0\u00bb][\/et_pb_code][et_pb_text _builder_version=\u00a0\u00bb4.19.2&Prime; _module_preset=\u00a0\u00bbdefault\u00a0\u00bb] Texto 1 Texto 1 Texto 1 Texto 1 Texto 1 Texto 1 [\/et_pb_text][\/et_pb_column][\/et_pb_row][\/et_pb_section]<\/p>\n","protected":false},"author":1,"featured_media":0,"parent":0,"menu_order":0,"comment_status":"closed","ping_status":"closed","template":"","meta":{"_acf_changed":false,"_et_pb_use_builder":"on","_et_pb_old_content":"","_et_gb_content_width":"","footnotes":""},"class_list":["post-6143","page","type-page","status-publish","hentry"],"acf":[],"_links":{"self":[{"href":"https:\/\/amantesdeteruel.es\/fr\/wp-json\/wp\/v2\/pages\/6143","targetHints":{"allow":["GET"]}}],"collection":[{"href":"https:\/\/amantesdeteruel.es\/fr\/wp-json\/wp\/v2\/pages"}],"about":[{"href":"https:\/\/amantesdeteruel.es\/fr\/wp-json\/wp\/v2\/types\/page"}],"author":[{"embeddable":true,"href":"https:\/\/amantesdeteruel.es\/fr\/wp-json\/wp\/v2\/users\/1"}],"replies":[{"embeddable":true,"href":"https:\/\/amantesdeteruel.es\/fr\/wp-json\/wp\/v2\/comments?post=6143"}],"version-history":[{"count":10,"href":"https:\/\/amantesdeteruel.es\/fr\/wp-json\/wp\/v2\/pages\/6143\/revisions"}],"predecessor-version":[{"id":6229,"href":"https:\/\/amantesdeteruel.es\/fr\/wp-json\/wp\/v2\/pages\/6143\/revisions\/6229"}],"wp:attachment":[{"href":"https:\/\/amantesdeteruel.es\/fr\/wp-json\/wp\/v2\/media?parent=6143"}],"curies":[{"name":"wp","href":"https:\/\/api.w.org\/{rel}","templated":true}]}}