{"id":7105,"date":"2022-10-24T09:03:25","date_gmt":"2022-10-24T09:03:25","guid":{"rendered":"https:\/\/amantesdeteruel.es\/quoi-voir\/abside-et-jardin-de-san-pedro\/"},"modified":"2024-09-13T12:48:48","modified_gmt":"2024-09-13T12:48:48","slug":"abside-et-jardin-de-san-pedro","status":"publish","type":"page","link":"https:\/\/amantesdeteruel.es\/fr\/quoi-voir\/abside-et-jardin-de-san-pedro\/","title":{"rendered":"Abside et Jardin de San Pedro"},"content":{"rendered":"<p>[et_pb_section fb_built=\u00a0\u00bb1&Prime; _builder_version=\u00a0\u00bb4.17.4&Prime; _module_preset=\u00a0\u00bbdefault\u00a0\u00bb custom_margin=\u00a0\u00bb0px|0px|0px|0px|false|false\u00a0\u00bb custom_padding=\u00a0\u00bb0px|0px|0px|0px|false|false\u00a0\u00bb global_colors_info=\u00a0\u00bb{}\u00a0\u00bb][et_pb_row _builder_version=\u00a0\u00bb4.17.4&Prime; _module_preset=\u00a0\u00bbdefault\u00a0\u00bb width=\u00a0\u00bb100%\u00a0\u00bb max_width=\u00a0\u00bb2560px\u00a0\u00bb custom_margin=\u00a0\u00bb0px|0px|0px|0px|false|false\u00a0\u00bb custom_padding=\u00a0\u00bb0px|0px|0px|0px|false|false\u00a0\u00bb global_colors_info=\u00a0\u00bb{}\u00a0\u00bb][et_pb_column type=\u00a0\u00bb4_4&Prime; _builder_version=\u00a0\u00bb4.17.4&Prime; _module_preset=\u00a0\u00bbdefault\u00a0\u00bb global_colors_info=\u00a0\u00bb{}\u00a0\u00bb][et_pb_image src=\u00a0\u00bbhttps:\/\/amantesdeteruel.es\/wp-content\/uploads\/2022\/11\/jardin_banner.jpg\u00a0\u00bb title_text=\u00a0\u00bbjardin_banner\u00a0\u00bb _builder_version=\u00a0\u00bb4.17.4&Prime; _module_preset=\u00a0\u00bbdefault\u00a0\u00bb height_tablet=\u00a0\u00bb\u00a0\u00bb height_phone=\u00a0\u00bb150px\u00a0\u00bb height_last_edited=\u00a0\u00bbon|phone\u00a0\u00bb custom_margin=\u00a0\u00bb0px|0px|0px|0px|false|false\u00a0\u00bb custom_padding=\u00a0\u00bb0px|0px|0px|0px|false|false\u00a0\u00bb global_colors_info=\u00a0\u00bb{}\u00a0\u00bb][\/et_pb_image][\/et_pb_column][\/et_pb_row][et_pb_row column_structure=\u00a0\u00bb1_2,1_2&Prime; custom_padding_last_edited=\u00a0\u00bbon|phone\u00a0\u00bb _builder_version=\u00a0\u00bb4.17.4&Prime; _module_preset=\u00a0\u00bbdefault\u00a0\u00bb width=\u00a0\u00bb100%\u00a0\u00bb max_width=\u00a0\u00bb2560px\u00a0\u00bb custom_margin=\u00a0\u00bb||||false|false\u00a0\u00bb custom_padding=\u00a0\u00bb75px|7%|1%|7%|false|false\u00a0\u00bb custom_padding_tablet=\u00a0\u00bb50px||||false|false\u00a0\u00bb custom_padding_phone=\u00a0\u00bb50px||||false|false\u00a0\u00bb global_colors_info=\u00a0\u00bb{}\u00a0\u00bb][et_pb_column type=\u00a0\u00bb1_2&Prime; _builder_version=\u00a0\u00bb4.17.4&Prime; _module_preset=\u00a0\u00bbdefault\u00a0\u00bb global_colors_info=\u00a0\u00bb{}\u00a0\u00bb][et_pb_text _builder_version=\u00a0\u00bb4.24.3&Prime; _module_preset=\u00a0\u00bbdefault\u00a0\u00bb text_font=\u00a0\u00bbLato||||||||\u00a0\u00bb text_text_color=\u00a0\u00bb#6d6d6d\u00a0\u00bb text_font_size=\u00a0\u00bb16px\u00a0\u00bb header_text_align=\u00a0\u00bbleft\u00a0\u00bb header_text_color=\u00a0\u00bb#000000&Prime; custom_margin=\u00a0\u00bb||||false|false\u00a0\u00bb custom_padding=\u00a0\u00bb||||false|false\u00a0\u00bb hover_enabled=\u00a0\u00bb0&Prime; global_colors_info=\u00a0\u00bb{}\u00a0\u00bb sticky_enabled=\u00a0\u00bb0&Prime;]<\/p>\n<h3 class=\"fundacion\">Abside et Jardin Saint-Pierre<\/h3>\n<p><span>Il a \u00e9t\u00e9 construit au 14e si\u00e8cle et a une forme polygonale avec sept c\u00f4t\u00e9s. D\u00e9clar\u00e9 au c\u00f4t\u00e9 de la tour mauresque Saint-Pierre comme faisant partie du Patrimoine Mondial de l\u2019UNESCO en 1986. Il est d\u00e9cor\u00e9 d\u2019arches entrecrois\u00e9es, de briques brillantes et de c\u00e9ramique \u00e9maill\u00e9e de couleur vert et blanc d\u2019influence almohade. On retrouve par-dessus la couverture sept petites tours en forme octogonale qui donnent \u00e0 l\u2019abside un aspect unique. <\/span><\/p>\n<p><span>\u00c0 l\u2019int\u00e9rieur, le prolongation de l\u2019\u00e1ndito se traduit par une s\u00e9rie de fen\u00eatres \u00e0 meneaux qui donne place au quartier juif m\u00e9di\u00e9val.<\/span><\/p>\n<p>[\/et_pb_text][\/et_pb_column][et_pb_column type=\u00a0\u00bb1_2&Prime; _builder_version=\u00a0\u00bb4.17.4&Prime; _module_preset=\u00a0\u00bbdefault\u00a0\u00bb global_colors_info=\u00a0\u00bb{}\u00a0\u00bb][et_pb_image src=\u00a0\u00bbhttps:\/\/amantesdeteruel.es\/wp-content\/uploads\/2022\/10\/jardin_principal.jpg\u00a0\u00bb title_text=\u00a0\u00bbjardin_principal\u00a0\u00bb _builder_version=\u00a0\u00bb4.17.4&Prime; _module_preset=\u00a0\u00bbdefault\u00a0\u00bb global_colors_info=\u00a0\u00bb{}\u00a0\u00bb][\/et_pb_image][\/et_pb_column][\/et_pb_row][et_pb_row _builder_version=\u00a0\u00bb4.17.4&Prime; _module_preset=\u00a0\u00bbdefault\u00a0\u00bb width=\u00a0\u00bb100%\u00a0\u00bb max_width=\u00a0\u00bb2560px\u00a0\u00bb custom_margin=\u00a0\u00bb||||false|false\u00a0\u00bb custom_padding=\u00a0\u00bb1%|7%|1%|7%|false|false\u00a0\u00bb global_colors_info=\u00a0\u00bb{}\u00a0\u00bb][et_pb_column type=\u00a0\u00bb4_4&Prime; _builder_version=\u00a0\u00bb4.17.4&Prime; _module_preset=\u00a0\u00bbdefault\u00a0\u00bb global_colors_info=\u00a0\u00bb{}\u00a0\u00bb][lwp_image_carousel gallery_ids=\u00a0\u00bb3441,3444,3447,3450,3453&Prime; slides_show=\u00a0\u00bb5&Prime; show_dots=\u00a0\u00bboff\u00a0\u00bb autoplay_animation=\u00a0\u00bbon\u00a0\u00bb infinite_animation=\u00a0\u00bbon\u00a0\u00bb _builder_version=\u00a0\u00bb4.17.4&Prime; _module_preset=\u00a0\u00bbdefault\u00a0\u00bb custom_margin=\u00a0\u00bb72px||120px||false|false\u00a0\u00bb global_colors_info=\u00a0\u00bb{}\u00a0\u00bb][\/lwp_image_carousel][\/et_pb_column][\/et_pb_row][\/et_pb_section]<\/p>\n","protected":false},"excerpt":{"rendered":"<p>Abside et Jardin Saint-Pierre Il a \u00e9t\u00e9 construit au 14e si\u00e8cle et a une forme polygonale avec sept c\u00f4t\u00e9s. D\u00e9clar\u00e9 au c\u00f4t\u00e9 de la tour mauresque Saint-Pierre comme faisant partie du Patrimoine Mondial de l\u2019UNESCO en 1986. Il est d\u00e9cor\u00e9 d\u2019arches entrecrois\u00e9es, de briques brillantes et de c\u00e9ramique \u00e9maill\u00e9e de couleur vert et blanc d\u2019influence [&hellip;]<\/p>\n","protected":false},"author":1,"featured_media":0,"parent":7102,"menu_order":0,"comment_status":"closed","ping_status":"closed","template":"","meta":{"_acf_changed":false,"_et_pb_use_builder":"on","_et_pb_old_content":"","_et_gb_content_width":"","footnotes":""},"class_list":["post-7105","page","type-page","status-publish","hentry"],"acf":[],"_links":{"self":[{"href":"https:\/\/amantesdeteruel.es\/fr\/wp-json\/wp\/v2\/pages\/7105","targetHints":{"allow":["GET"]}}],"collection":[{"href":"https:\/\/amantesdeteruel.es\/fr\/wp-json\/wp\/v2\/pages"}],"about":[{"href":"https:\/\/amantesdeteruel.es\/fr\/wp-json\/wp\/v2\/types\/page"}],"author":[{"embeddable":true,"href":"https:\/\/amantesdeteruel.es\/fr\/wp-json\/wp\/v2\/users\/1"}],"replies":[{"embeddable":true,"href":"https:\/\/amantesdeteruel.es\/fr\/wp-json\/wp\/v2\/comments?post=7105"}],"version-history":[{"count":4,"href":"https:\/\/amantesdeteruel.es\/fr\/wp-json\/wp\/v2\/pages\/7105\/revisions"}],"predecessor-version":[{"id":11644,"href":"https:\/\/amantesdeteruel.es\/fr\/wp-json\/wp\/v2\/pages\/7105\/revisions\/11644"}],"up":[{"embeddable":true,"href":"https:\/\/amantesdeteruel.es\/fr\/wp-json\/wp\/v2\/pages\/7102"}],"wp:attachment":[{"href":"https:\/\/amantesdeteruel.es\/fr\/wp-json\/wp\/v2\/media?parent=7105"}],"curies":[{"name":"wp","href":"https:\/\/api.w.org\/{rel}","templated":true}]}}