{"id":7111,"date":"2022-10-25T06:13:10","date_gmt":"2022-10-25T06:13:10","guid":{"rendered":"https:\/\/amantesdeteruel.es\/quoi-voir\/cloitre-de-san-pedro\/"},"modified":"2024-09-13T12:47:20","modified_gmt":"2024-09-13T12:47:20","slug":"cloitre-de-san-pedro","status":"publish","type":"page","link":"https:\/\/amantesdeteruel.es\/fr\/quoi-voir\/cloitre-de-san-pedro\/","title":{"rendered":"Clo\u00eetre de San Pedro"},"content":{"rendered":"<p>[et_pb_section fb_built=\u00a0\u00bb1&Prime; _builder_version=\u00a0\u00bb4.17.4&Prime; _module_preset=\u00a0\u00bbdefault\u00a0\u00bb custom_margin=\u00a0\u00bb0px|0px|0px|0px|false|false\u00a0\u00bb custom_padding=\u00a0\u00bb0px|0px|0px|0px|false|false\u00a0\u00bb global_colors_info=\u00a0\u00bb{}\u00a0\u00bb][et_pb_row _builder_version=\u00a0\u00bb4.17.4&Prime; _module_preset=\u00a0\u00bbdefault\u00a0\u00bb width=\u00a0\u00bb100%\u00a0\u00bb max_width=\u00a0\u00bb2560px\u00a0\u00bb custom_margin=\u00a0\u00bb0px|0px|0px|0px|false|false\u00a0\u00bb custom_padding=\u00a0\u00bb0px|0px|0px|0px|false|false\u00a0\u00bb global_colors_info=\u00a0\u00bb{}\u00a0\u00bb][et_pb_column type=\u00a0\u00bb4_4&Prime; _builder_version=\u00a0\u00bb4.17.4&Prime; _module_preset=\u00a0\u00bbdefault\u00a0\u00bb global_colors_info=\u00a0\u00bb{}\u00a0\u00bb][et_pb_image src=\u00a0\u00bbhttps:\/\/amantesdeteruel.es\/wp-content\/uploads\/2022\/11\/claustro_banner.jpg\u00a0\u00bb title_text=\u00a0\u00bbclaustro_banner\u00a0\u00bb _builder_version=\u00a0\u00bb4.17.4&Prime; _module_preset=\u00a0\u00bbdefault\u00a0\u00bb height_tablet=\u00a0\u00bb\u00a0\u00bb height_phone=\u00a0\u00bb150px\u00a0\u00bb height_last_edited=\u00a0\u00bbon|phone\u00a0\u00bb custom_margin=\u00a0\u00bb0px|0px|0px|0px|false|false\u00a0\u00bb custom_padding=\u00a0\u00bb0px|0px|0px|0px|false|false\u00a0\u00bb global_colors_info=\u00a0\u00bb{}\u00a0\u00bb][\/et_pb_image][\/et_pb_column][\/et_pb_row][et_pb_row column_structure=\u00a0\u00bb1_2,1_2&Prime; custom_padding_last_edited=\u00a0\u00bbon|phone\u00a0\u00bb _builder_version=\u00a0\u00bb4.17.4&Prime; _module_preset=\u00a0\u00bbdefault\u00a0\u00bb width=\u00a0\u00bb100%\u00a0\u00bb max_width=\u00a0\u00bb2560px\u00a0\u00bb custom_margin=\u00a0\u00bb||||false|false\u00a0\u00bb custom_padding=\u00a0\u00bb75px|7%|1%|7%|false|false\u00a0\u00bb custom_padding_tablet=\u00a0\u00bb50px||||false|false\u00a0\u00bb custom_padding_phone=\u00a0\u00bb50px||||false|false\u00a0\u00bb global_colors_info=\u00a0\u00bb{}\u00a0\u00bb][et_pb_column type=\u00a0\u00bb1_2&Prime; _builder_version=\u00a0\u00bb4.17.4&Prime; _module_preset=\u00a0\u00bbdefault\u00a0\u00bb global_colors_info=\u00a0\u00bb{}\u00a0\u00bb][et_pb_text _builder_version=\u00a0\u00bb4.24.3&Prime; _module_preset=\u00a0\u00bbdefault\u00a0\u00bb text_font=\u00a0\u00bbLato||||||||\u00a0\u00bb text_text_color=\u00a0\u00bb#6d6d6d\u00a0\u00bb text_font_size=\u00a0\u00bb16px\u00a0\u00bb header_text_align=\u00a0\u00bbleft\u00a0\u00bb header_text_color=\u00a0\u00bb#000000&Prime; custom_margin=\u00a0\u00bb||||false|false\u00a0\u00bb custom_padding=\u00a0\u00bb||||false|false\u00a0\u00bb hover_enabled=\u00a0\u00bb0&Prime; global_colors_info=\u00a0\u00bb{}\u00a0\u00bb sticky_enabled=\u00a0\u00bb0&Prime;]<\/p>\n<h3 class=\"fundacion\">Clo\u00eetre Saint-Pierre<\/h3>\n<p><span><br \/>Construit durant la deuxi\u00e8me moiti\u00e9 du 14e si\u00e8cle, il appartient au groupe compos\u00e9 de quatre clo\u00eetres mauresques qui sont encore conserv\u00e9s en Aragon, du moins partiellement. <\/span><\/p>\n<p>Fix\u00e9 sur le c\u00f4t\u00e9 de l\u2019\u00e9p\u00eetre de l\u2019\u00e9glise de san Pedro, du c\u00f4t\u00e9 sud, il est de forme carr\u00e9, compos\u00e9 de briques et disposant de trois baies ouvertes de chaque c\u00f4t\u00e9 de la cour centrale. Il s\u2019agit l\u00e0 du seul endroit o\u00f9 l\u2019on peut remarquer l\u2019aspect mauresque de la structure.<\/p>\n<p><span style=\"text-decoration: line-through;\"> <\/span>Le clo\u00eetre, lieu o\u00f9 furent mis au repos les corps des Amantes, a subi plusieurs r\u00e9novations au cours des si\u00e8cles. La transformation la plus profonde est probablement celle qui a eu lieu au d\u00e9but du 20e si\u00e8cle. \u00c0 ce moment, le niveau du sol a \u00e9t\u00e9 abaiss\u00e9, on a recouvert la structure de pl\u00e2tre et on y a ajout\u00e9 la d\u00e9coration n\u00e9ogothique. La derni\u00e8re restauration a \u00e9t\u00e9 finalis\u00e9e en 2008. Elle a \u00e9t\u00e9 dirig\u00e9e par les architectes Antonio P\u00e9rez et Jos\u00e9 Mar\u00eda Sanz. Il fut question de faire du clo\u00eetre un endroit \u00e0 fins touristiques et culturelles, compl\u00e9tant ainsi l\u2019Ensemble Amantes.<\/p>\n<p><span> <\/span><\/p>\n<p>[\/et_pb_text][\/et_pb_column][et_pb_column type=\u00a0\u00bb1_2&Prime; _builder_version=\u00a0\u00bb4.17.4&Prime; _module_preset=\u00a0\u00bbdefault\u00a0\u00bb global_colors_info=\u00a0\u00bb{}\u00a0\u00bb][et_pb_image src=\u00a0\u00bbhttps:\/\/amantesdeteruel.es\/wp-content\/uploads\/2022\/10\/claustro_principal.jpg\u00a0\u00bb title_text=\u00a0\u00bbclaustro_principal\u00a0\u00bb _builder_version=\u00a0\u00bb4.17.4&Prime; _module_preset=\u00a0\u00bbdefault\u00a0\u00bb global_colors_info=\u00a0\u00bb{}\u00a0\u00bb][\/et_pb_image][\/et_pb_column][\/et_pb_row][et_pb_row _builder_version=\u00a0\u00bb4.17.4&Prime; _module_preset=\u00a0\u00bbdefault\u00a0\u00bb width=\u00a0\u00bb100%\u00a0\u00bb max_width=\u00a0\u00bb2560px\u00a0\u00bb custom_margin=\u00a0\u00bb||||false|false\u00a0\u00bb custom_padding=\u00a0\u00bb1%|7%|1%|7%|false|false\u00a0\u00bb global_colors_info=\u00a0\u00bb{}\u00a0\u00bb][et_pb_column type=\u00a0\u00bb4_4&Prime; _builder_version=\u00a0\u00bb4.17.4&Prime; _module_preset=\u00a0\u00bbdefault\u00a0\u00bb global_colors_info=\u00a0\u00bb{}\u00a0\u00bb][lwp_image_carousel gallery_ids=\u00a0\u00bb3575,3572,3569,3566,3563&Prime; slides_show=\u00a0\u00bb5&Prime; show_dots=\u00a0\u00bboff\u00a0\u00bb autoplay_animation=\u00a0\u00bbon\u00a0\u00bb infinite_animation=\u00a0\u00bbon\u00a0\u00bb _builder_version=\u00a0\u00bb4.17.4&Prime; _module_preset=\u00a0\u00bbdefault\u00a0\u00bb custom_margin=\u00a0\u00bb72px||120px||false|false\u00a0\u00bb global_colors_info=\u00a0\u00bb{}\u00a0\u00bb][\/lwp_image_carousel][\/et_pb_column][\/et_pb_row][\/et_pb_section]<\/p>\n","protected":false},"excerpt":{"rendered":"<p>Clo\u00eetre Saint-Pierre Construit durant la deuxi\u00e8me moiti\u00e9 du 14e si\u00e8cle, il appartient au groupe compos\u00e9 de quatre clo\u00eetres mauresques qui sont encore conserv\u00e9s en Aragon, du moins partiellement. Fix\u00e9 sur le c\u00f4t\u00e9 de l\u2019\u00e9p\u00eetre de l\u2019\u00e9glise de san Pedro, du c\u00f4t\u00e9 sud, il est de forme carr\u00e9, compos\u00e9 de briques et disposant de trois baies [&hellip;]<\/p>\n","protected":false},"author":1,"featured_media":0,"parent":7102,"menu_order":0,"comment_status":"closed","ping_status":"closed","template":"","meta":{"_acf_changed":false,"_et_pb_use_builder":"on","_et_pb_old_content":"","_et_gb_content_width":"","footnotes":""},"class_list":["post-7111","page","type-page","status-publish","hentry"],"acf":[],"_links":{"self":[{"href":"https:\/\/amantesdeteruel.es\/fr\/wp-json\/wp\/v2\/pages\/7111","targetHints":{"allow":["GET"]}}],"collection":[{"href":"https:\/\/amantesdeteruel.es\/fr\/wp-json\/wp\/v2\/pages"}],"about":[{"href":"https:\/\/amantesdeteruel.es\/fr\/wp-json\/wp\/v2\/types\/page"}],"author":[{"embeddable":true,"href":"https:\/\/amantesdeteruel.es\/fr\/wp-json\/wp\/v2\/users\/1"}],"replies":[{"embeddable":true,"href":"https:\/\/amantesdeteruel.es\/fr\/wp-json\/wp\/v2\/comments?post=7111"}],"version-history":[{"count":3,"href":"https:\/\/amantesdeteruel.es\/fr\/wp-json\/wp\/v2\/pages\/7111\/revisions"}],"predecessor-version":[{"id":11642,"href":"https:\/\/amantesdeteruel.es\/fr\/wp-json\/wp\/v2\/pages\/7111\/revisions\/11642"}],"up":[{"embeddable":true,"href":"https:\/\/amantesdeteruel.es\/fr\/wp-json\/wp\/v2\/pages\/7102"}],"wp:attachment":[{"href":"https:\/\/amantesdeteruel.es\/fr\/wp-json\/wp\/v2\/media?parent=7111"}],"curies":[{"name":"wp","href":"https:\/\/api.w.org\/{rel}","templated":true}]}}