{"id":7114,"date":"2022-10-24T09:05:23","date_gmt":"2022-10-24T09:05:23","guid":{"rendered":"https:\/\/amantesdeteruel.es\/quoi-voir\/tour-de-san-pedro-et-landito\/"},"modified":"2024-09-13T12:50:01","modified_gmt":"2024-09-13T12:50:01","slug":"tour-de-san-pedro-et-landito","status":"publish","type":"page","link":"https:\/\/amantesdeteruel.es\/fr\/quoi-voir\/tour-de-san-pedro-et-landito\/","title":{"rendered":"Tour de San Pedro et l\u2019\u00c1ndito"},"content":{"rendered":"<p>[et_pb_section fb_built=\u00a0\u00bb1&Prime; _builder_version=\u00a0\u00bb4.17.4&Prime; _module_preset=\u00a0\u00bbdefault\u00a0\u00bb custom_margin=\u00a0\u00bb0px|0px|0px|0px|false|false\u00a0\u00bb custom_padding=\u00a0\u00bb0px|0px|0px|0px|false|false\u00a0\u00bb global_colors_info=\u00a0\u00bb{}\u00a0\u00bb][et_pb_row _builder_version=\u00a0\u00bb4.17.4&Prime; _module_preset=\u00a0\u00bbdefault\u00a0\u00bb width=\u00a0\u00bb100%\u00a0\u00bb max_width=\u00a0\u00bb2560px\u00a0\u00bb custom_margin=\u00a0\u00bb0px|0px|0px|0px|false|false\u00a0\u00bb custom_padding=\u00a0\u00bb0px|0px|0px|0px|false|false\u00a0\u00bb global_colors_info=\u00a0\u00bb{}\u00a0\u00bb][et_pb_column type=\u00a0\u00bb4_4&Prime; _builder_version=\u00a0\u00bb4.17.4&Prime; _module_preset=\u00a0\u00bbdefault\u00a0\u00bb global_colors_info=\u00a0\u00bb{}\u00a0\u00bb][et_pb_image src=\u00a0\u00bbhttps:\/\/amantesdeteruel.es\/wp-content\/uploads\/2022\/11\/torre_banner.jpg\u00a0\u00bb title_text=\u00a0\u00bbtorre_banner\u00a0\u00bb _builder_version=\u00a0\u00bb4.17.4&Prime; _module_preset=\u00a0\u00bbdefault\u00a0\u00bb height_tablet=\u00a0\u00bb\u00a0\u00bb height_phone=\u00a0\u00bb150px\u00a0\u00bb height_last_edited=\u00a0\u00bbon|phone\u00a0\u00bb custom_margin=\u00a0\u00bb0px|0px|0px|0px|false|false\u00a0\u00bb custom_padding=\u00a0\u00bb0px|0px|0px|0px|false|false\u00a0\u00bb global_colors_info=\u00a0\u00bb{}\u00a0\u00bb][\/et_pb_image][\/et_pb_column][\/et_pb_row][et_pb_row column_structure=\u00a0\u00bb1_2,1_2&Prime; custom_padding_last_edited=\u00a0\u00bbon|phone\u00a0\u00bb _builder_version=\u00a0\u00bb4.17.4&Prime; _module_preset=\u00a0\u00bbdefault\u00a0\u00bb width=\u00a0\u00bb100%\u00a0\u00bb max_width=\u00a0\u00bb2560px\u00a0\u00bb custom_margin=\u00a0\u00bb||||false|false\u00a0\u00bb custom_padding=\u00a0\u00bb75px|7%|1%|7%|false|false\u00a0\u00bb custom_padding_tablet=\u00a0\u00bb50px||||false|false\u00a0\u00bb custom_padding_phone=\u00a0\u00bb50px||||false|false\u00a0\u00bb global_colors_info=\u00a0\u00bb{}\u00a0\u00bb][et_pb_column type=\u00a0\u00bb1_2&Prime; _builder_version=\u00a0\u00bb4.17.4&Prime; _module_preset=\u00a0\u00bbdefault\u00a0\u00bb global_colors_info=\u00a0\u00bb{}\u00a0\u00bb][et_pb_text _builder_version=\u00a0\u00bb4.24.3&Prime; _module_preset=\u00a0\u00bbdefault\u00a0\u00bb text_font=\u00a0\u00bbLato||||||||\u00a0\u00bb text_text_color=\u00a0\u00bb#6d6d6d\u00a0\u00bb text_font_size=\u00a0\u00bb16px\u00a0\u00bb header_text_align=\u00a0\u00bbleft\u00a0\u00bb header_text_color=\u00a0\u00bb#000000&Prime; custom_margin=\u00a0\u00bb||||false|false\u00a0\u00bb custom_padding=\u00a0\u00bb||||false|false\u00a0\u00bb hover_enabled=\u00a0\u00bb0&Prime; global_colors_info=\u00a0\u00bb{}\u00a0\u00bb sticky_enabled=\u00a0\u00bb0&Prime;]<\/p>\n<h3 class=\"fundacion\">Tour SAint-Pierre et l\u2019\u00c1ndito<\/h3>\n<p><span><br \/>Construite au 13e si\u00e8cle, avec une hauteur initiale de 25 m, il s\u2019agit de la tour la plus antique de type mauresque dans les environs de Teruel. <\/span><\/p>\n<p><span>Elle r\u00e9pond au mod\u00e8le typologique de tour-porte. En effet, \u00e0 l\u2019\u00e9tage inf\u00e9rieur s\u2019ouvre un passage permettant la circulation routi\u00e8re afin d\u2019int\u00e9grer le r\u00e9seau urbain de la ville. <\/span><\/p>\n<p><span>Elle correspond \u00e0 l\u2019int\u00e9rieur des tours mauresques de structure chr\u00e9tienne form\u00e9s par une seule tour externe de forme rectangulaire et divis\u00e9e en trois s\u00e9jours superpos\u00e9s. <\/span><\/p>\n<p><span>Sa d\u00e9coration ext\u00e9rieure, sobre et \u00e9l\u00e9gante, u decoraci\u00f3n exterior, sobria y elegante, pr\u00e9sente bien la typique ornementation mauresque bas\u00e9e sur la c\u00e9ramique \u00e9maill\u00e9e et la brique.. <\/span><\/p>\n<p><span>Concr\u00e8tement, si le visiteur le d\u00e9sire, il peut faire une ascension jusqu\u2019au clocher de la tour en empruntant un escalier en spirale de 74 marches. <\/span><\/p>\n<p><span>De l\u2019int\u00e9rieur de la tour Saint-Pierre il est possible d\u2019avoir acc\u00e8s \u00e0 l\u2019\u00e1ndito, un \u00e9l\u00e9ment architectural autour de l\u2019\u00e9glise. De l\u00e0, on peut bien appr\u00e9cier les d\u00e9tails composant l\u2019ext\u00e9rieur de la tour, les fen\u00eatres et la rosace de l\u2019\u00e9glise. Enfin, on peut y voir la porte de la tour datant du 18e si\u00e8cle.<br \/><\/span><\/p>\n<p>[\/et_pb_text][\/et_pb_column][et_pb_column type=\u00a0\u00bb1_2&Prime; _builder_version=\u00a0\u00bb4.17.4&Prime; _module_preset=\u00a0\u00bbdefault\u00a0\u00bb global_colors_info=\u00a0\u00bb{}\u00a0\u00bb][et_pb_image src=\u00a0\u00bbhttps:\/\/amantesdeteruel.es\/wp-content\/uploads\/2022\/10\/torre_principal.jpg\u00a0\u00bb title_text=\u00a0\u00bbtorre_principal\u00a0\u00bb _builder_version=\u00a0\u00bb4.17.4&Prime; _module_preset=\u00a0\u00bbdefault\u00a0\u00bb global_colors_info=\u00a0\u00bb{}\u00a0\u00bb][\/et_pb_image][\/et_pb_column][\/et_pb_row][et_pb_row _builder_version=\u00a0\u00bb4.17.4&Prime; _module_preset=\u00a0\u00bbdefault\u00a0\u00bb width=\u00a0\u00bb100%\u00a0\u00bb max_width=\u00a0\u00bb2560px\u00a0\u00bb custom_margin=\u00a0\u00bb||||false|false\u00a0\u00bb custom_padding=\u00a0\u00bb1%|7%|1%|7%|false|false\u00a0\u00bb global_colors_info=\u00a0\u00bb{}\u00a0\u00bb][et_pb_column type=\u00a0\u00bb4_4&Prime; _builder_version=\u00a0\u00bb4.17.4&Prime; _module_preset=\u00a0\u00bbdefault\u00a0\u00bb global_colors_info=\u00a0\u00bb{}\u00a0\u00bb][lwp_image_carousel gallery_ids=\u00a0\u00bb3508,3511,3514,3517,3520&Prime; slides_show=\u00a0\u00bb5&Prime; show_dots=\u00a0\u00bboff\u00a0\u00bb autoplay_animation=\u00a0\u00bbon\u00a0\u00bb infinite_animation=\u00a0\u00bbon\u00a0\u00bb _builder_version=\u00a0\u00bb4.17.4&Prime; _module_preset=\u00a0\u00bbdefault\u00a0\u00bb custom_margin=\u00a0\u00bb72px||120px||false|false\u00a0\u00bb global_colors_info=\u00a0\u00bb{}\u00a0\u00bb][\/lwp_image_carousel][\/et_pb_column][\/et_pb_row][\/et_pb_section]<\/p>\n","protected":false},"excerpt":{"rendered":"<p>Tour SAint-Pierre et l\u2019\u00c1ndito Construite au 13e si\u00e8cle, avec une hauteur initiale de 25 m, il s\u2019agit de la tour la plus antique de type mauresque dans les environs de Teruel. Elle r\u00e9pond au mod\u00e8le typologique de tour-porte. En effet, \u00e0 l\u2019\u00e9tage inf\u00e9rieur s\u2019ouvre un passage permettant la circulation routi\u00e8re afin d\u2019int\u00e9grer le r\u00e9seau urbain [&hellip;]<\/p>\n","protected":false},"author":1,"featured_media":0,"parent":7102,"menu_order":0,"comment_status":"closed","ping_status":"closed","template":"","meta":{"_acf_changed":false,"_et_pb_use_builder":"on","_et_pb_old_content":"","_et_gb_content_width":"","footnotes":""},"class_list":["post-7114","page","type-page","status-publish","hentry"],"acf":[],"_links":{"self":[{"href":"https:\/\/amantesdeteruel.es\/fr\/wp-json\/wp\/v2\/pages\/7114","targetHints":{"allow":["GET"]}}],"collection":[{"href":"https:\/\/amantesdeteruel.es\/fr\/wp-json\/wp\/v2\/pages"}],"about":[{"href":"https:\/\/amantesdeteruel.es\/fr\/wp-json\/wp\/v2\/types\/page"}],"author":[{"embeddable":true,"href":"https:\/\/amantesdeteruel.es\/fr\/wp-json\/wp\/v2\/users\/1"}],"replies":[{"embeddable":true,"href":"https:\/\/amantesdeteruel.es\/fr\/wp-json\/wp\/v2\/comments?post=7114"}],"version-history":[{"count":3,"href":"https:\/\/amantesdeteruel.es\/fr\/wp-json\/wp\/v2\/pages\/7114\/revisions"}],"predecessor-version":[{"id":11645,"href":"https:\/\/amantesdeteruel.es\/fr\/wp-json\/wp\/v2\/pages\/7114\/revisions\/11645"}],"up":[{"embeddable":true,"href":"https:\/\/amantesdeteruel.es\/fr\/wp-json\/wp\/v2\/pages\/7102"}],"wp:attachment":[{"href":"https:\/\/amantesdeteruel.es\/fr\/wp-json\/wp\/v2\/media?parent=7114"}],"curies":[{"name":"wp","href":"https:\/\/api.w.org\/{rel}","templated":true}]}}