{"id":9543,"date":"2024-04-19T09:50:24","date_gmt":"2024-04-19T09:50:24","guid":{"rendered":"https:\/\/amantesdeteruel.es\/?page_id=9543"},"modified":"2024-09-03T14:25:22","modified_gmt":"2024-09-03T14:25:22","slug":"prensa","status":"publish","type":"page","link":"https:\/\/amantesdeteruel.es\/fr\/centro-hartzenbusch\/recursos-didacticos\/prensa\/","title":{"rendered":"Prensa"},"content":{"rendered":"<p>[et_pb_section fb_built=\u00a0\u00bb1&Prime; _builder_version=\u00a0\u00bb4.24.3&Prime; _module_preset=\u00a0\u00bbdefault\u00a0\u00bb background_image=\u00a0\u00bbhttps:\/\/amantesdeteruel.es\/wp-content\/uploads\/2024\/04\/portada_recursos_didacticos_centro_hartzenbusch.jpg\u00a0\u00bb height=\u00a0\u00bb425px\u00a0\u00bb custom_padding=\u00a0\u00bb|10vh||10vh|false|true\u00a0\u00bb global_colors_info=\u00a0\u00bb{}\u00a0\u00bb][et_pb_row _builder_version=\u00a0\u00bb4.24.3&Prime; _module_preset=\u00a0\u00bbdefault\u00a0\u00bb width=\u00a0\u00bb100%\u00a0\u00bb max_width=\u00a0\u00bb2560px\u00a0\u00bb global_colors_info=\u00a0\u00bb{}\u00a0\u00bb][et_pb_column type=\u00a0\u00bb4_4&Prime; _builder_version=\u00a0\u00bb4.24.3&Prime; _module_preset=\u00a0\u00bbdefault\u00a0\u00bb global_colors_info=\u00a0\u00bb{}\u00a0\u00bb][et_pb_text _builder_version=\u00a0\u00bb4.24.3&Prime; _module_preset=\u00a0\u00bbdefault\u00a0\u00bb header_font=\u00a0\u00bbMontserrat|200||on|||||\u00a0\u00bb header_text_color=\u00a0\u00bb#FFFFFF\u00a0\u00bb header_font_size=\u00a0\u00bb6vw\u00a0\u00bb header_letter_spacing=\u00a0\u00bb6px\u00a0\u00bb header_font_size_tablet=\u00a0\u00bb8vw\u00a0\u00bb header_font_size_phone=\u00a0\u00bb10vw\u00a0\u00bb header_font_size_last_edited=\u00a0\u00bbon|phone\u00a0\u00bb header_letter_spacing_tablet=\u00a0\u00bb4px\u00a0\u00bb header_letter_spacing_phone=\u00a0\u00bb2px\u00a0\u00bb header_letter_spacing_last_edited=\u00a0\u00bbon|phone\u00a0\u00bb custom_css_main_element=\u00a0\u00bboverflow-wrap: normal;\u00a0\u00bb locked=\u00a0\u00bboff\u00a0\u00bb global_colors_info=\u00a0\u00bb{}\u00a0\u00bb]<\/p>\n<h1><strong>RECURSOS<\/strong><br \/>DID\u00c1CTICOS<\/h1>\n<p>[\/et_pb_text][\/et_pb_column][\/et_pb_row][\/et_pb_section][et_pb_section fb_built=\u00a0\u00bb1&Prime; _builder_version=\u00a0\u00bb4.24.3&Prime; _module_preset=\u00a0\u00bbdefault\u00a0\u00bb background_color=\u00a0\u00bb#773442&Prime; custom_margin=\u00a0\u00bb-2px||||false|false\u00a0\u00bb custom_padding=\u00a0\u00bb0px||10px||false|false\u00a0\u00bb locked=\u00a0\u00bboff\u00a0\u00bb global_colors_info=\u00a0\u00bb{}\u00a0\u00bb][et_pb_row _builder_version=\u00a0\u00bb4.24.3&Prime; _module_preset=\u00a0\u00bbdefault\u00a0\u00bb global_colors_info=\u00a0\u00bb{}\u00a0\u00bb][et_pb_column type=\u00a0\u00bb4_4&Prime; _builder_version=\u00a0\u00bb4.24.3&Prime; _module_preset=\u00a0\u00bbdefault\u00a0\u00bb global_colors_info=\u00a0\u00bb{}\u00a0\u00bb][et_pb_menu menu_id=\u00a0\u00bb261&Prime; dropdown_menu_bg_color=\u00a0\u00bb#FFFFFF\u00a0\u00bb dropdown_menu_line_color=\u00a0\u00bb#a7adb1&Prime; dropdown_menu_text_color=\u00a0\u00bb#a7adb1&Prime; dropdown_menu_active_link_color=\u00a0\u00bb#50575c\u00a0\u00bb mobile_menu_bg_color=\u00a0\u00bb#FFFFFF\u00a0\u00bb mobile_menu_text_color=\u00a0\u00bb#a7adb1&Prime; menu_icon_color=\u00a0\u00bb#FFFFFF\u00a0\u00bb module_id=\u00a0\u00bbmenu_recursos\u00a0\u00bb _builder_version=\u00a0\u00bb4.24.3&Prime; _module_preset=\u00a0\u00bbdefault\u00a0\u00bb menu_font=\u00a0\u00bbNunito||||||||\u00a0\u00bb menu_text_color=\u00a0\u00bb#FFFFFF\u00a0\u00bb menu_font_size=\u00a0\u00bb16px\u00a0\u00bb global_colors_info=\u00a0\u00bb{}\u00a0\u00bb active_link_color=\u00a0\u00bbrgba(255,255,255,0.5)\u00a0\u00bb background_color=\u00a0\u00bbRGBA(255,255,255,0)\u00a0\u00bb][\/et_pb_menu][\/et_pb_column][\/et_pb_row][\/et_pb_section][et_pb_section fb_built=\u00a0\u00bb1&Prime; _builder_version=\u00a0\u00bb4.24.3&Prime; _module_preset=\u00a0\u00bbdefault\u00a0\u00bb background_enable_image=\u00a0\u00bboff\u00a0\u00bb custom_margin=\u00a0\u00bb60px|0px|60px|0px|true|false\u00a0\u00bb custom_padding=\u00a0\u00bb0px|0px|0px|0px|false|false\u00a0\u00bb global_colors_info=\u00a0\u00bb{}\u00a0\u00bb][et_pb_row _builder_version=\u00a0\u00bb4.24.3&Prime; _module_preset=\u00a0\u00bbdefault\u00a0\u00bb global_colors_info=\u00a0\u00bb{}\u00a0\u00bb][et_pb_column type=\u00a0\u00bb4_4&Prime; _builder_version=\u00a0\u00bb4.24.3&Prime; _module_preset=\u00a0\u00bbdefault\u00a0\u00bb global_colors_info=\u00a0\u00bb{}\u00a0\u00bb][et_pb_text _builder_version=\u00a0\u00bb4.24.3&Prime; _module_preset=\u00a0\u00bbdefault\u00a0\u00bb text_font=\u00a0\u00bbNunito|300|||||||\u00a0\u00bb text_text_color=\u00a0\u00bb#6d6d6d\u00a0\u00bb text_font_size=\u00a0\u00bb16px\u00a0\u00bb text_line_height=\u00a0\u00bb1.3em\u00a0\u00bb header_text_align=\u00a0\u00bbleft\u00a0\u00bb header_text_color=\u00a0\u00bb#000000&Prime; header_2_font=\u00a0\u00bbMontserrat|800|||||||\u00a0\u00bb header_2_text_color=\u00a0\u00bb#773442&Prime; header_2_font_size=\u00a0\u00bb25px\u00a0\u00bb header_3_font=\u00a0\u00bbMontserrat|800|||||||\u00a0\u00bb header_3_text_color=\u00a0\u00bb#773442&Prime; header_3_font_size=\u00a0\u00bb20px\u00a0\u00bb header_4_font=\u00a0\u00bbMontserrat|700|||||||\u00a0\u00bb header_4_text_color=\u00a0\u00bb#773442&Prime; header_4_font_size=\u00a0\u00bb16px\u00a0\u00bb custom_margin=\u00a0\u00bb||||false|false\u00a0\u00bb custom_padding=\u00a0\u00bb||||false|false\u00a0\u00bb global_colors_info=\u00a0\u00bb{}\u00a0\u00bb]<\/p>\n<h2>PRENSA<\/h2>\n<p>Tras el fallecimiento de Fernando VII en 1833, la libertad de imprenta decretada en enero de 1834 alent\u00f3 la creaci\u00f3n de numerosas nuevas publicaciones peri\u00f3dicas &#8211; s\u00f3lo en Madrid suman de 26 a las que hay que a\u00f1adir otras 32 en el resto del pa\u00eds-, en su mayor parte de vocaci\u00f3n pol\u00edtica, pero tambi\u00e9n algunas dedicadas a la literatura y a las artes. Tras el precedente barcelon\u00e9s de<span>\u00a0<\/span><em>El Europeo<\/em><span>\u00a0<\/span>(1823-1824), surgieron en Madrid<span>\u00a0<\/span><em>El Vapor<\/em><span>\u00a0<\/span>(1833-1838),<span>\u00a0<\/span><em>La Estrella<\/em><span>\u00a0<\/span>(1833-1834),<span>\u00a0<\/span><em>La Abeja<\/em><span>\u00a0<\/span>(1834-1836),<span>\u00a0<\/span><em>El Eco del Comercio<\/em><span>\u00a0<\/span>(1834-1841) o<span>\u00a0<\/span><em>El Espa\u00f1ol<\/em><span>\u00a0<\/span>(1835-1837), fundado por<span>\u00a0<\/span><strong>Andr\u00e9s Borrego<\/strong>.<span>\u00a0<\/span><strong>Manuel Mar\u00eda de Santa Ana<\/strong>, administrador de<span>\u00a0<\/span><em>El Diario de Sevilla<\/em>, fund\u00f3 en Madrid<span>\u00a0<\/span><em>Carta aut\u00f3grafa<\/em><span>\u00a0<\/span>(1848), convertido despu\u00e9s en<span>\u00a0<\/span><em>Correspondencia de Espa\u00f1a<\/em><span>\u00a0<\/span>(1853), primer diario espa\u00f1ol que se vendi\u00f3 en la calle y no por suscripci\u00f3n.<\/p>\n<p>Destaca, en especial, el dominical<span>\u00a0<\/span><em>El Artista<\/em><span>\u00a0<\/span>(1835-1836), fundado por<span>\u00a0<\/span><strong>Eugenio de Ochoa<\/strong>,<span>\u00a0<\/span><strong>Federico de Madrazo<\/strong><span>\u00a0<\/span>y el conde de Campo Alange. Con el concurso del Real Establecimiento Litogr\u00e1fico, regido por<span>\u00a0<\/span><strong>Jos\u00e9 de Madrazo<\/strong>, la revista inclu\u00eda una o dos estampas litografiadas originales como ilustraci\u00f3n de poemas o art\u00edculos. Siguieron su corta estela otras publicaciones, como<span>\u00a0<\/span><em>No me olvides<\/em><span>\u00a0<\/span>(1837-1838), fundada por<span>\u00a0<\/span><strong>Jacinto Salas Quiroga<\/strong>, defensora de un romanticismo ideol\u00f3gicamente moderado; o el<span>\u00a0<\/span><em>Semanario Pintoresco Espa\u00f1ol<\/em><span>\u00a0<\/span>(1836-1857), la gran revista del costumbrismo fundada por<span>\u00a0<\/span><strong>Ram\u00f3n Mesonero Romanos<\/strong><span>\u00a0<\/span>e imitada por el fugaz<span>\u00a0<\/span><em>Observatorio Pintoresco<\/em><span>\u00a0<\/span>(1837) o por<span>\u00a0<\/span><em>El Siglo Pintoresco<\/em><span>\u00a0<\/span>(1845-1848). El Liceo Art\u00edstico y Literario, aparecida en 1838, fue el \u00f3rgano de expresi\u00f3n de la instituci\u00f3n cultural de id\u00e9ntico t\u00edtulo fundada un a\u00f1o antes por Jos\u00e9 Fern\u00e1ndez de la Vega e \u00edntimamente unida a la Casa Real.<\/p>\n<p>Cabe destacar, adem\u00e1s, otras publicaciones peri\u00f3dicas, como la<span>\u00a0<\/span><em>Voz de la Religi\u00f3n<\/em><span>\u00a0<\/span>(1837-1841), de Barcelona, defensora de un romanticismo conservador en la l\u00ednea de Chateaubriand, o<span>\u00a0<\/span><em>El Alba<\/em><span>\u00a0<\/span>(1838-1839), que acogi\u00f3 en sus p\u00e1ginas art\u00edculos en defensa de un romanticismo moderado. La lista puede alargarse con t\u00edtulos, como los de<span>\u00a0<\/span><em>El Panorama<\/em><span>\u00a0<\/span>(1838-1841),<span>\u00a0<\/span><em>La Esperanza<\/em><span>\u00a0<\/span>(1839-1840),<span>\u00a0<\/span><em>Revista de Madrid<\/em><span>\u00a0<\/span>(1838-1845), pol\u00edticamente moderada, o<span>\u00a0<\/span><em>El Entreacto<\/em><span>\u00a0<\/span>(1839-1840), fundada, entre otros, por<span>\u00a0<\/span><strong>Zorrilla<\/strong>. Cabe citar, adem\u00e1s,<span>\u00a0<\/span><em>Revista de Teatros<\/em><span>\u00a0<\/span>(1841-1845),<span>\u00a0<\/span><em>El Iris<\/em><span>\u00a0<\/span>(1841),<span>\u00a0<\/span><em>El Pensamiento<\/em><span>\u00a0<\/span>(1841),<span>\u00a0<\/span><em>Revista de Espa\u00f1a y el Extranjero<\/em><span>\u00a0<\/span>(1842-1848),<span>\u00a0<\/span><em>Revista Cient\u00edfica y Literaria<\/em><span>\u00a0<\/span>(1847) y<span>\u00a0<\/span><em>El Laberinto<\/em><span>\u00a0<\/span>(1843-1845); sin olvidar las revistas de corte sat\u00edrico, como<span>\u00a0<\/span><em>El Guindilla<\/em><span>\u00a0<\/span>(1842-1843),<span>\u00a0<\/span><em>La Risa<\/em><span>\u00a0<\/span>(1843-1844) o<span>\u00a0<\/span><em>El D\u00f3mine Lucas<\/em><span>\u00a0<\/span>(1844-1846), ni las religiosas, como<span>\u00a0<\/span><em>El Arpa del Creyente<\/em><span>\u00a0<\/span>(1842),<span>\u00a0<\/span><em>El Reflejo<\/em><span>\u00a0<\/span>(1843) o, la m\u00e1s asentada de todas,<span>\u00a0<\/span><em>La Censura<\/em><span>\u00a0<\/span>(1844-1853), de tendencia ultracat\u00f3lica.<\/p>\n<p>[\/et_pb_text][\/et_pb_column][\/et_pb_row][\/et_pb_section]<\/p>\n","protected":false},"excerpt":{"rendered":"<p>RECURSOSDID\u00c1CTICOSPRENSA Tras el fallecimiento de Fernando VII en 1833, la libertad de imprenta decretada en enero de 1834 alent\u00f3 la creaci\u00f3n de numerosas nuevas publicaciones peri\u00f3dicas &#8211; s\u00f3lo en Madrid suman de 26 a las que hay que a\u00f1adir otras 32 en el resto del pa\u00eds-, en su mayor parte de vocaci\u00f3n pol\u00edtica, pero tambi\u00e9n [&hellip;]<\/p>\n","protected":false},"author":2,"featured_media":0,"parent":9479,"menu_order":0,"comment_status":"closed","ping_status":"closed","template":"","meta":{"_acf_changed":false,"_et_pb_use_builder":"on","_et_pb_old_content":"","_et_gb_content_width":"","footnotes":""},"class_list":["post-9543","page","type-page","status-publish","hentry"],"acf":[],"_links":{"self":[{"href":"https:\/\/amantesdeteruel.es\/fr\/wp-json\/wp\/v2\/pages\/9543","targetHints":{"allow":["GET"]}}],"collection":[{"href":"https:\/\/amantesdeteruel.es\/fr\/wp-json\/wp\/v2\/pages"}],"about":[{"href":"https:\/\/amantesdeteruel.es\/fr\/wp-json\/wp\/v2\/types\/page"}],"author":[{"embeddable":true,"href":"https:\/\/amantesdeteruel.es\/fr\/wp-json\/wp\/v2\/users\/2"}],"replies":[{"embeddable":true,"href":"https:\/\/amantesdeteruel.es\/fr\/wp-json\/wp\/v2\/comments?post=9543"}],"version-history":[{"count":9,"href":"https:\/\/amantesdeteruel.es\/fr\/wp-json\/wp\/v2\/pages\/9543\/revisions"}],"predecessor-version":[{"id":11535,"href":"https:\/\/amantesdeteruel.es\/fr\/wp-json\/wp\/v2\/pages\/9543\/revisions\/11535"}],"up":[{"embeddable":true,"href":"https:\/\/amantesdeteruel.es\/fr\/wp-json\/wp\/v2\/pages\/9479"}],"wp:attachment":[{"href":"https:\/\/amantesdeteruel.es\/fr\/wp-json\/wp\/v2\/media?parent=9543"}],"curies":[{"name":"wp","href":"https:\/\/api.w.org\/{rel}","templated":true}]}}