{"id":9552,"date":"2024-04-19T09:59:06","date_gmt":"2024-04-19T09:59:06","guid":{"rendered":"https:\/\/amantesdeteruel.es\/?page_id=9552"},"modified":"2024-09-03T14:25:14","modified_gmt":"2024-09-03T14:25:14","slug":"escultura","status":"publish","type":"page","link":"https:\/\/amantesdeteruel.es\/fr\/centro-hartzenbusch\/recursos-didacticos\/escultura\/","title":{"rendered":"Escultura"},"content":{"rendered":"<p>[et_pb_section fb_built=\u00a0\u00bb1&Prime; _builder_version=\u00a0\u00bb4.24.3&Prime; _module_preset=\u00a0\u00bbdefault\u00a0\u00bb background_image=\u00a0\u00bbhttps:\/\/amantesdeteruel.es\/wp-content\/uploads\/2024\/04\/portada_recursos_didacticos_centro_hartzenbusch.jpg\u00a0\u00bb height=\u00a0\u00bb425px\u00a0\u00bb custom_padding=\u00a0\u00bb|10vh||10vh|false|true\u00a0\u00bb global_colors_info=\u00a0\u00bb{}\u00a0\u00bb][et_pb_row _builder_version=\u00a0\u00bb4.24.3&Prime; _module_preset=\u00a0\u00bbdefault\u00a0\u00bb width=\u00a0\u00bb100%\u00a0\u00bb max_width=\u00a0\u00bb2560px\u00a0\u00bb global_colors_info=\u00a0\u00bb{}\u00a0\u00bb][et_pb_column type=\u00a0\u00bb4_4&Prime; _builder_version=\u00a0\u00bb4.24.3&Prime; _module_preset=\u00a0\u00bbdefault\u00a0\u00bb global_colors_info=\u00a0\u00bb{}\u00a0\u00bb][et_pb_text _builder_version=\u00a0\u00bb4.24.3&Prime; _module_preset=\u00a0\u00bbdefault\u00a0\u00bb header_font=\u00a0\u00bbMontserrat|200||on|||||\u00a0\u00bb header_text_color=\u00a0\u00bb#FFFFFF\u00a0\u00bb header_font_size=\u00a0\u00bb6vw\u00a0\u00bb header_letter_spacing=\u00a0\u00bb6px\u00a0\u00bb header_font_size_tablet=\u00a0\u00bb8vw\u00a0\u00bb header_font_size_phone=\u00a0\u00bb10vw\u00a0\u00bb header_font_size_last_edited=\u00a0\u00bbon|phone\u00a0\u00bb header_letter_spacing_tablet=\u00a0\u00bb4px\u00a0\u00bb header_letter_spacing_phone=\u00a0\u00bb2px\u00a0\u00bb header_letter_spacing_last_edited=\u00a0\u00bbon|phone\u00a0\u00bb custom_css_main_element=\u00a0\u00bboverflow-wrap: normal;\u00a0\u00bb locked=\u00a0\u00bboff\u00a0\u00bb global_colors_info=\u00a0\u00bb{}\u00a0\u00bb]<\/p>\n<h1><strong>RECURSOS<\/strong><br \/>DID\u00c1CTICOS<\/h1>\n<p>[\/et_pb_text][\/et_pb_column][\/et_pb_row][\/et_pb_section][et_pb_section fb_built=\u00a0\u00bb1&Prime; _builder_version=\u00a0\u00bb4.24.3&Prime; _module_preset=\u00a0\u00bbdefault\u00a0\u00bb background_color=\u00a0\u00bb#773442&Prime; custom_margin=\u00a0\u00bb-2px||||false|false\u00a0\u00bb custom_padding=\u00a0\u00bb0px||10px||false|false\u00a0\u00bb locked=\u00a0\u00bboff\u00a0\u00bb global_colors_info=\u00a0\u00bb{}\u00a0\u00bb][et_pb_row _builder_version=\u00a0\u00bb4.24.3&Prime; _module_preset=\u00a0\u00bbdefault\u00a0\u00bb global_colors_info=\u00a0\u00bb{}\u00a0\u00bb active_link_color=\u00a0\u00bbrgba(255,255,255,0.5)\u00a0\u00bb dropdown_menu_bg_color=\u00a0\u00bb#FFFFFF\u00a0\u00bb dropdown_menu_line_color=\u00a0\u00bb#a7adb1&Prime; dropdown_menu_text_color=\u00a0\u00bb#a7adb1&Prime; dropdown_menu_active_link_color=\u00a0\u00bb#50575c\u00a0\u00bb mobile_menu_bg_color=\u00a0\u00bb#FFFFFF\u00a0\u00bb mobile_menu_text_color=\u00a0\u00bb#a7adb1&Prime; menu_icon_color=\u00a0\u00bb#FFFFFF\u00a0\u00bb module_id=\u00a0\u00bbmenu_recursos\u00a0\u00bb menu_font=\u00a0\u00bbNunito||||||||\u00a0\u00bb menu_text_color=\u00a0\u00bb#FFFFFF\u00a0\u00bb menu_font_size=\u00a0\u00bb16px\u00a0\u00bb background_color=\u00a0\u00bbRGBA(255,255,255,0)\u00a0\u00bb][et_pb_column type=\u00a0\u00bb4_4&Prime; _builder_version=\u00a0\u00bb4.24.3&Prime; _module_preset=\u00a0\u00bbdefault\u00a0\u00bb global_colors_info=\u00a0\u00bb{}\u00a0\u00bb][et_pb_menu menu_id=\u00a0\u00bb261&Prime; dropdown_menu_bg_color=\u00a0\u00bb#FFFFFF\u00a0\u00bb dropdown_menu_line_color=\u00a0\u00bb#a7adb1&Prime; dropdown_menu_text_color=\u00a0\u00bb#a7adb1&Prime; dropdown_menu_active_link_color=\u00a0\u00bb#50575c\u00a0\u00bb mobile_menu_bg_color=\u00a0\u00bb#FFFFFF\u00a0\u00bb mobile_menu_text_color=\u00a0\u00bb#a7adb1&Prime; menu_icon_color=\u00a0\u00bb#FFFFFF\u00a0\u00bb module_id=\u00a0\u00bbmenu_recursos\u00a0\u00bb _builder_version=\u00a0\u00bb4.24.3&Prime; _module_preset=\u00a0\u00bbdefault\u00a0\u00bb menu_font=\u00a0\u00bbNunito||||||||\u00a0\u00bb menu_text_color=\u00a0\u00bb#FFFFFF\u00a0\u00bb menu_font_size=\u00a0\u00bb16px\u00a0\u00bb background_color=\u00a0\u00bbRGBA(255,255,255,0)\u00a0\u00bb global_colors_info=\u00a0\u00bb{}\u00a0\u00bb][\/et_pb_menu][\/et_pb_column][\/et_pb_row][\/et_pb_section][et_pb_section fb_built=\u00a0\u00bb1&Prime; _builder_version=\u00a0\u00bb4.24.3&Prime; _module_preset=\u00a0\u00bbdefault\u00a0\u00bb background_enable_image=\u00a0\u00bboff\u00a0\u00bb custom_margin=\u00a0\u00bb60px|0px|60px|0px|true|false\u00a0\u00bb custom_padding=\u00a0\u00bb0px|0px|0px|0px|false|false\u00a0\u00bb global_colors_info=\u00a0\u00bb{}\u00a0\u00bb][et_pb_row _builder_version=\u00a0\u00bb4.24.3&Prime; _module_preset=\u00a0\u00bbdefault\u00a0\u00bb global_colors_info=\u00a0\u00bb{}\u00a0\u00bb][et_pb_column type=\u00a0\u00bb4_4&Prime; _builder_version=\u00a0\u00bb4.24.3&Prime; _module_preset=\u00a0\u00bbdefault\u00a0\u00bb global_colors_info=\u00a0\u00bb{}\u00a0\u00bb][et_pb_text _builder_version=\u00a0\u00bb4.24.3&Prime; _module_preset=\u00a0\u00bbdefault\u00a0\u00bb text_font=\u00a0\u00bbNunito|300|||||||\u00a0\u00bb text_text_color=\u00a0\u00bb#6d6d6d\u00a0\u00bb text_font_size=\u00a0\u00bb16px\u00a0\u00bb text_line_height=\u00a0\u00bb1.3em\u00a0\u00bb header_text_align=\u00a0\u00bbleft\u00a0\u00bb header_text_color=\u00a0\u00bb#000000&Prime; header_2_font=\u00a0\u00bbMontserrat|800|||||||\u00a0\u00bb header_2_text_color=\u00a0\u00bb#773442&Prime; header_2_font_size=\u00a0\u00bb25px\u00a0\u00bb header_3_font=\u00a0\u00bbMontserrat|800|||||||\u00a0\u00bb header_3_text_color=\u00a0\u00bb#773442&Prime; header_3_font_size=\u00a0\u00bb20px\u00a0\u00bb header_4_font=\u00a0\u00bbMontserrat|700|||||||\u00a0\u00bb header_4_text_color=\u00a0\u00bb#773442&Prime; header_4_font_size=\u00a0\u00bb16px\u00a0\u00bb custom_margin=\u00a0\u00bb||||false|false\u00a0\u00bb custom_padding=\u00a0\u00bb||||false|false\u00a0\u00bb global_colors_info=\u00a0\u00bb{}\u00a0\u00bb]<\/p>\n<h2>ESCULTURA<\/h2>\n<p>La formaci\u00f3n rigurosamente sometida a los c\u00e1nones emanados de la Academia de San Fernando, en Madrid, y de L&rsquo;Escola de Llotja, en Barcelona, fue la responsable en gran medida de la pervivencia del clasicismo durante todo el siglo XIX, dando lugar en sus d\u00e9cadas centrales a una \u00e9poca confusa, de transici\u00f3n al realismo, que apenas dej\u00f3 aflorar una escultura genuinamente rom\u00e1ntica, marcada, cuando se dio, por una tem\u00e1tica costumbrista, de inter\u00e9s apenas decorativo, caracterizada por la repetici\u00f3n y hasta cierta intrascendencia.<\/p>\n<p>Vertebrada la escultura religiosa por la recuperaci\u00f3n de las formas barrocas, donde se mejor se puede observar esta situaci\u00f3n es en el retrato, que pas\u00f3 de las formulas idealizadas propias del clasicismo acad\u00e9mico al retrato realista t\u00edpico de la Restauraci\u00f3n sin que el romanticismo llegara a impregnar de forma significativa la pr\u00e1ctica escult\u00f3rica, generalmente volcada a satisfacer encargos oficiales destinados a decorar edificios administrativos.<\/p>\n<p>Con todo, a partir de \u00e9poca isabelina es posible percibir ciertos cambios de actitud en algunos autores, interesados en dotar a sus figuras de m\u00e1s movimiento y tambi\u00e9n de una creciente expresividad, dando lugar a obras caracterizadas por cierto lirismo idealizado, a veces casi estereotipado, pero siempre al servicio de los nuevos valores del liberalismo.<\/p>\n<h3><\/h3>\n<h3>Los escultores de la corte isabelina<\/h3>\n<p>De entre los escultores de c\u00e1mara tal vez sea<span>\u00a0<\/span><strong>Francisco P\u00e9rez del Valle<\/strong><span>\u00a0<\/span>(1804-1884) el que m\u00e1s destac\u00f3 en el retrato, como ponen de manifiesto su Isabel II (Madrid, Palacio Real) o la estatua del rey consorte, Francisco de As\u00eds (Madrid, Museo del Prado, dep\u00f3sito de la Biblioteca Nacional), deudores ambos todav\u00eda de cierto gusto clasicista, como se observa tambi\u00e9n en los que dedic\u00f3 a Narv\u00e1ez y a Torrijos (Madrid, Museo del Ej\u00e9rcito).<\/p>\n<p><strong>Jos\u00e9 Piquer Duart<\/strong><span>\u00a0<\/span>(1806-1871), \u00faltimo escultor de c\u00e1mara que ostent\u00f3 tal cargo, se movi\u00f3 entre la tradici\u00f3n clasicista y las primeras influencias del realismo, ya claramente perceptibles en su estatua de Isabel II (1855, Madrid, Museo del Prado, dep\u00f3sito de la Biblioteca Nacional), en los retratos marm\u00f3reos de la regente Mar\u00eda Cristina (Madrid, Palacio Real) o en los que, en bronce, dedic\u00f3 a varios generales (Madrid, Museo del Ej\u00e9rcito). De car\u00e1cter hist\u00f3rico son sus estatuas conmemorativas dedicadas a Fernando el Cat\u00f3lico, ecuestre, y a Col\u00f3n, ambas en Barcelona. Es, sin embargo, su San Jer\u00f3nimo recostado en un pe\u00f1asco (1845, Madrid, Museo del Prado-Cas\u00f3n del Buen Retiro) la pieza fundamental de su producci\u00f3n. Entroncan en ella los presupuestos clasicistas con la recuperaci\u00f3n, muy rom\u00e1ntica, de la tradici\u00f3n imaginera espa\u00f1ola, como volver\u00e1 a demostrar en la serie de esculturas de santos que realiz\u00f3 entre 1847 y 1850 para la iglesia de Santa Mar\u00eda de Tolosa.<\/p>\n<p>De<span>\u00a0<\/span><strong>Ponciano Ponzano Gasc\u00f3n<\/strong><span>\u00a0<\/span>(1813-1877), un artista muy influido por las corrientes del segundo clasicismo europeo, con las que entr\u00f3 en contacto durante su estancia en Roma, merecen rese\u00f1arse, adem\u00e1s de sus alegor\u00edas mitol\u00f3gicas, como las del bajorrelieve que cubre el front\u00f3n del Congreso de los Diputados (1848), diversos retratos, en especial los dedicados a sus protectores, la regente Mar\u00eda Cristina, Isabel II y el Conde de Toreno. Una de sus mejores obras es la estatua orante de la Infanta Carlota, destinada al pol\u00e9mico Pante\u00f3n de Infantes de la iglesia de El Escorial (1862-1888).<\/p>\n<p>Claramente deudor de su formaci\u00f3n italiana,<span>\u00a0<\/span><strong>Sabino de Medina Pe\u00f1as<\/strong><span>\u00a0<\/span>(1814-1879) realiz\u00f3 una importante serie de peque\u00f1os retratos de aire clasicista, varios de los cuales, como los de<span>\u00a0<\/span><strong>Gil de Z\u00e1rate<\/strong><span>\u00a0<\/span>o<span>\u00a0<\/span><strong>Pascual y Colomer,<\/strong><span>\u00a0<\/span>se guardan en la Escuela de Arquitectura de Madrid. No obstante, tal vez sea La ninfa Eur\u00eddice mordida por un \u00e1spid (Madrid, Museo del Prado-Cas\u00f3n del Buen Retiro), imitando modelos greco-romanos, su obra de m\u00e1s \u00e9xito, sin olvidar el monumento a Murillo (1861), que se alza hoy en la plaza del Museo de Sevilla.<\/p>\n<p><strong>Jos\u00e9 Pagniucci<\/strong><span>\u00a0<\/span>(1821-1868), autor de una estatua de Antonio Cavanilles para el Jard\u00edn Rom\u00e1ntico y de una Isabel la Cat\u00f3lica para el Congreso de los Diputados, realiz\u00f3 tambi\u00e9n varios retratos de inter\u00e9s, como el de los duques de Villahermosa.<\/p>\n<p>La estatua de cuerpo entero de<span>\u00a0<\/span><strong>Juan \u00c1lvarez Mendiz\u00e1bal<\/strong><span>\u00a0<\/span>(1855), en la madrile\u00f1a plaza del Progreso, destruida durante la \u00faltima guerra civil, suele considerarse la obra m\u00e1s importante del escultor, ya plenamente rom\u00e1ntico,<span>\u00a0<\/span><strong>Jos\u00e9 Gragera y Herboso<\/strong><span>\u00a0<\/span>(1828-1897), autor tambi\u00e9n de una destacada estatua del bot\u00e1nico<span>\u00a0<\/span><strong>Rojas Clemente<\/strong><span>\u00a0<\/span>(1864, Madrid, Jard\u00edn Bot\u00e1nico).<\/p>\n<p>Otros nombres dignos de destacarse que pueden ser englobados en este grupo son los de<span>\u00a0<\/span><strong>Pedro Collado Tejada<\/strong><span>\u00a0<\/span>(1829-1887),<span>\u00a0<\/span><strong>Diego Hermoso<\/strong><span>\u00a0<\/span>(1800-1849),<span>\u00a0<\/span><strong>Felipe Moratilla<\/strong><span>\u00a0<\/span>(n. 1827) o<span>\u00a0<\/span><strong>Pedro Juan Santandreu<\/strong><span>\u00a0<\/span>(1808-1838).<\/p>\n<h3><\/h3>\n<h3>L&rsquo;Escola de Llotja de Barcelona<\/h3>\n<p>Precursor en la expresi\u00f3n escult\u00f3rica de la nueva sensibilidad rom\u00e1ntica es el grupo de escultores, disc\u00edpulos en su mayor parte de Campeny, salidos de L&rsquo;Escola de Llotja, en Barcelona.<\/p>\n<p>Uno de su primeros representantes fue<span>\u00a0<\/span><strong>Ram\u00f3 Padr\u00f3 i Pijo\u00e1n<\/strong><span>\u00a0<\/span>(1800-1876), que cultiv\u00f3 en sus trabajos cierta tendencia neobarroca, patente en algunas de sus obras de tem\u00e1tica religiosa.<\/p>\n<p><strong>Josep Bover i Mas<\/strong><span>\u00a0<\/span>(c. 1802-1866) pas\u00f3 de su inicial influencia canoviana, patente en Gladiador herido y Gladiador victorioso (1825-1828, Acad\u00e8mia de Sant Jordi, Barcelona), a reflejar en sus trabajos una marcada predilecci\u00f3n por temas medievales, m\u00e1s afines al ideario de La Renaixen\u00e7a. Buena muestra de ello son su Jaime I y, sobre todo, el espl\u00e9ndido<span>\u00a0<\/span><strong>Joan de Fivaller<\/strong><span>\u00a0<\/span>(1844, Barcelona, Ayuntamiento). Posterior y ya plenamente rom\u00e1ntico es el Monumento sepulcral a Jaime Balmes (1865, Vic, Catedral).<\/p>\n<p>El principal escultor catal\u00e1n de la \u00e9poca es seguramente<span>\u00a0<\/span><strong>Manuel Vilar i Roca<\/strong><span>\u00a0<\/span>(1812-1860). Influido durante sus estudios en Roma por la obra de los nazarenos alemanes, los trabajos de su etapa mexicana pueden considerarse ya plenamente rom\u00e1nticos, como muestra la magn\u00edfica escultura de Tlahuicole (1851, M\u00e9xico, Instituto Nacional de Bellas Artes).<\/p>\n<p>Destaca igualmente<span>\u00a0<\/span><strong>Dom\u00e9nech Talarn i Ribot<\/strong><span>\u00a0<\/span>(1812-1901), autor centrado en la talla de im\u00e1genes religiosas y tambi\u00e9n de figuras de pesebre.<\/p>\n<p><strong>Josep Anicet Santiagosa i Vestreten<\/strong><span>\u00a0<\/span>(1823-1895), escultor menor, es digno de ser recordado por la columna de hierro de<span>\u00a0<\/span><strong>Galcer\u00e1n Marquet<\/strong><span>\u00a0<\/span>(1851, Barcelona, Plaza del duque de Medinaceli).<\/p>\n<p>Es necesario recordar tambi\u00e9n otros autores como<span>\u00a0<\/span><strong>Ram\u00f3 Subirat i Codorniz<\/strong><span>\u00a0<\/span>(1828-1891),<span>\u00a0<\/span><strong>Joan Figueres Vila<\/strong><span>\u00a0<\/span>(1829-1881),<span>\u00a0<\/span><strong>Pau Riera<\/strong><span>\u00a0<\/span>(1829-1871) o los<span>\u00a0<\/span><strong>hermanos Venanci<\/strong><span>\u00a0<\/span>(1826-1919) y<span>\u00a0<\/span><strong>Agapit Vallmitjana<\/strong><span>\u00a0<\/span>(1833-1905).<\/p>\n<h2><\/h2>\n<h3>BIBLIOGRAF\u00cdA<\/h3>\n<p>ARIAS ANGL\u00c9S, E. (1989) \u00ab\u00a0La pintura. La escultura y el grabado\u00a0\u00bb, en La \u00e9poca del Romanticismo (1808-1874). Las Letras. Las Artes. La vida cotidiana (Historia de Espa\u00f1a de Ram\u00f3n Men\u00e9ndez Pidal, t. XXXV\/II), Madrid, pp. 269-511.<\/p>\n<p>GARC\u00cdA MELERO, J. E. (1998) Arte espa\u00f1ol de la ilustraci\u00f3n y del siglo XIX. En torno a la imagen del pasado, Madrid, Encuentro.<\/p>\n<p>GAYA NU\u00d1O, J. A. (1966) Arte del siglo XIX, Madrid (Ars Hispaniae, t. XIX).<\/p>\n<p>G\u00d3MEZ-MORENO, M\u00aa E. (1993) Pintura y escultura espa\u00f1olas del siglo XIX (Summa Artis, t. 35), Madrid, Espasa-Calpe.<\/p>\n<p>MAR\u00cdN MEDINA, J. (1978) Escultura espa\u00f1ola contempor\u00e1nea (1800-1978). Historia y evaluaci\u00f3n cr\u00edtica, Madrid, Edarc\u00f3n.<\/p>\n<p>REYERO, C. (1999) La escultura conmemorativa en Espa\u00f1a. La Edad de Oro del monumento p\u00fablico, 1820-1914, Madrid, C\u00e1tedra.<\/p>\n<p>REYERO, C. y FREIXA, M. (1999) Pintura y escultura en Espa\u00f1a. 1800-1910, Madrid, C\u00e1tedra.<\/p>\n<p>GARC\u00cdA-MART\u00cdN, M. (1984-1986) Estatuaria p\u00fablica de Barcelona (3 vols.), Barcelona.<\/p>\n<p>MORENO, S. (1969) El escultor Manuel Vilar, M\u00e9xico, Universidad Nacional Aut\u00f3noma.<\/p>\n<p>PARDO CANALIS, E. (1951) Escultores del siglo XIX, Madrid, CSIC.<\/p>\n<p>RINC\u00d3N, W. (1984) El escultor Antonio Palao, Murcia, Academia Alfonso X el Sabio.<\/p>\n<p>RINC\u00d3N, W. (1994) La escultura del Museo Rom\u00e1ntico, Madrid, Asociaci\u00f3n de Amigos del Museo Rom\u00e1ntico.<\/p>\n<p>VV. AA. (1989) Escultura catalana del segle XIX. Del Neoclassicisme al Realismo (Cat. Exp.), Barcelona Fundaci\u00f3 Caixa de Catalunya<\/p>\n<p>[\/et_pb_text][\/et_pb_column][\/et_pb_row][\/et_pb_section]<\/p>\n","protected":false},"excerpt":{"rendered":"<p>RECURSOSDID\u00c1CTICOSESCULTURA La formaci\u00f3n rigurosamente sometida a los c\u00e1nones emanados de la Academia de San Fernando, en Madrid, y de L&rsquo;Escola de Llotja, en Barcelona, fue la responsable en gran medida de la pervivencia del clasicismo durante todo el siglo XIX, dando lugar en sus d\u00e9cadas centrales a una \u00e9poca confusa, de transici\u00f3n al realismo, que [&hellip;]<\/p>\n","protected":false},"author":2,"featured_media":0,"parent":9479,"menu_order":0,"comment_status":"closed","ping_status":"closed","template":"","meta":{"_acf_changed":false,"_et_pb_use_builder":"on","_et_pb_old_content":"","_et_gb_content_width":"","footnotes":""},"class_list":["post-9552","page","type-page","status-publish","hentry"],"acf":[],"_links":{"self":[{"href":"https:\/\/amantesdeteruel.es\/fr\/wp-json\/wp\/v2\/pages\/9552","targetHints":{"allow":["GET"]}}],"collection":[{"href":"https:\/\/amantesdeteruel.es\/fr\/wp-json\/wp\/v2\/pages"}],"about":[{"href":"https:\/\/amantesdeteruel.es\/fr\/wp-json\/wp\/v2\/types\/page"}],"author":[{"embeddable":true,"href":"https:\/\/amantesdeteruel.es\/fr\/wp-json\/wp\/v2\/users\/2"}],"replies":[{"embeddable":true,"href":"https:\/\/amantesdeteruel.es\/fr\/wp-json\/wp\/v2\/comments?post=9552"}],"version-history":[{"count":9,"href":"https:\/\/amantesdeteruel.es\/fr\/wp-json\/wp\/v2\/pages\/9552\/revisions"}],"predecessor-version":[{"id":11533,"href":"https:\/\/amantesdeteruel.es\/fr\/wp-json\/wp\/v2\/pages\/9552\/revisions\/11533"}],"up":[{"embeddable":true,"href":"https:\/\/amantesdeteruel.es\/fr\/wp-json\/wp\/v2\/pages\/9479"}],"wp:attachment":[{"href":"https:\/\/amantesdeteruel.es\/fr\/wp-json\/wp\/v2\/media?parent=9552"}],"curies":[{"name":"wp","href":"https:\/\/api.w.org\/{rel}","templated":true}]}}