{"id":10927,"date":"2024-07-02T10:16:37","date_gmt":"2024-07-02T10:16:37","guid":{"rendered":"https:\/\/amantesdeteruel.es\/?post_type=product&#038;p=10927"},"modified":"2026-01-30T17:13:12","modified_gmt":"2026-01-30T17:13:12","slug":"iman-infantil","status":"publish","type":"product","link":"https:\/\/amantesdeteruel.es\/fr\/producto\/iman-infantil\/","title":{"rendered":"Im\u00e1n Infantil"},"content":{"rendered":"","protected":false},"excerpt":{"rendered":"<p>Im\u00e1n colecci\u00f3n infantil Amantes de Teruel.<br \/>\nDimensiones: 5 cm di\u00e1metro.<\/p>\n","protected":false},"featured_media":10934,"template":"","meta":{"_acf_changed":false,"_et_pb_use_builder":"","_et_pb_old_content":"","_et_gb_content_width":""},"product_cat":[206,169],"product_tag":[],"class_list":["post-10927","product","type-product","status-publish","has-post-thumbnail","hentry","product_cat-coleccion-infantil-amantes-de-teruel","product_cat-souvenirs"],"acf":[],"_links":{"self":[{"href":"https:\/\/amantesdeteruel.es\/fr\/wp-json\/wp\/v2\/product\/10927","targetHints":{"allow":["GET"]}}],"collection":[{"href":"https:\/\/amantesdeteruel.es\/fr\/wp-json\/wp\/v2\/product"}],"about":[{"href":"https:\/\/amantesdeteruel.es\/fr\/wp-json\/wp\/v2\/types\/product"}],"wp:featuredmedia":[{"embeddable":true,"href":"https:\/\/amantesdeteruel.es\/fr\/wp-json\/wp\/v2\/media\/10934"}],"wp:attachment":[{"href":"https:\/\/amantesdeteruel.es\/fr\/wp-json\/wp\/v2\/media?parent=10927"}],"wp:term":[{"taxonomy":"product_cat","embeddable":true,"href":"https:\/\/amantesdeteruel.es\/fr\/wp-json\/wp\/v2\/product_cat?post=10927"},{"taxonomy":"product_tag","embeddable":true,"href":"https:\/\/amantesdeteruel.es\/fr\/wp-json\/wp\/v2\/product_tag?post=10927"}],"curies":[{"name":"wp","href":"https:\/\/api.w.org\/{rel}","templated":true}]}}