{"id":11553,"date":"2024-09-13T09:38:56","date_gmt":"2024-09-13T09:38:56","guid":{"rendered":"https:\/\/amantesdeteruel.es\/?post_type=product&#038;p=11553"},"modified":"2026-04-17T11:01:55","modified_gmt":"2026-04-17T11:01:55","slug":"monedero-de-tela","status":"publish","type":"product","link":"https:\/\/amantesdeteruel.es\/fr\/producto\/monedero-de-tela\/","title":{"rendered":"MONEDERO INFANTIL"},"content":{"rendered":"<p>&nbsp;<\/p>\n\n\t\t<style type=\"text\/css\">\n\t\t\t#gallery-1 {\n\t\t\t\tmargin: auto;\n\t\t\t}\n\t\t\t#gallery-1 .gallery-item {\n\t\t\t\tfloat: left;\n\t\t\t\tmargin-top: 10px;\n\t\t\t\ttext-align: center;\n\t\t\t\twidth: 33%;\n\t\t\t}\n\t\t\t#gallery-1 img {\n\t\t\t\tborder: 2px solid #cfcfcf;\n\t\t\t}\n\t\t\t#gallery-1 .gallery-caption {\n\t\t\t\tmargin-left: 0;\n\t\t\t}\n\t\t\t\/* see gallery_shortcode() in wp-includes\/media.php *\/\n\t\t<\/style>\n\t\t<div id='gallery-1' class='gallery galleryid-11553 gallery-columns-3 gallery-size-thumbnail'><dl class='gallery-item'>\n\t\t\t<dt class='gallery-icon landscape'>\n\t\t\t\t<a href='https:\/\/amantesdeteruel.es\/fr\/?attachment_id=11728'><img loading=\"lazy\" decoding=\"async\" width=\"150\" height=\"150\" src=\"https:\/\/amantesdeteruel.es\/wp-content\/uploads\/2024\/09\/MONEDERO-ROSA-plano-150x150.jpg\" class=\"attachment-thumbnail size-thumbnail\" alt=\"\" \/><\/a>\n\t\t\t<\/dt><\/dl><dl class='gallery-item'>\n\t\t\t<dt class='gallery-icon landscape'>\n\t\t\t\t<a href='https:\/\/amantesdeteruel.es\/fr\/?attachment_id=11725'><img loading=\"lazy\" decoding=\"async\" width=\"150\" height=\"150\" src=\"https:\/\/amantesdeteruel.es\/wp-content\/uploads\/2024\/09\/MONEDERO-PUNTOS-1-150x150.jpg\" class=\"attachment-thumbnail size-thumbnail\" alt=\"\" \/><\/a>\n\t\t\t<\/dt><\/dl><dl class='gallery-item'>\n\t\t\t<dt class='gallery-icon landscape'>\n\t\t\t\t<a href='https:\/\/amantesdeteruel.es\/fr\/?attachment_id=11722'><img loading=\"lazy\" decoding=\"async\" width=\"150\" height=\"150\" src=\"https:\/\/amantesdeteruel.es\/wp-content\/uploads\/2024\/09\/MONEDERO-AZUL-plano-150x150.jpg\" class=\"attachment-thumbnail size-thumbnail\" alt=\"\" \/><\/a>\n\t\t\t<\/dt><\/dl><br style=\"clear: both\" \/><dl class='gallery-item'>\n\t\t\t<dt class='gallery-icon landscape'>\n\t\t\t\t<a href='https:\/\/amantesdeteruel.es\/fr\/?attachment_id=11719'><img loading=\"lazy\" decoding=\"async\" width=\"150\" height=\"150\" src=\"https:\/\/amantesdeteruel.es\/wp-content\/uploads\/2024\/09\/MONEDERO-AMARILLO-150x150.jpg\" class=\"attachment-thumbnail size-thumbnail\" alt=\"\" \/><\/a>\n\t\t\t<\/dt><\/dl><dl class='gallery-item'>\n\t\t\t<dt class='gallery-icon landscape'>\n\t\t\t\t<a href='https:\/\/amantesdeteruel.es\/fr\/?attachment_id=11731'><img loading=\"lazy\" decoding=\"async\" width=\"150\" height=\"150\" src=\"https:\/\/amantesdeteruel.es\/wp-content\/uploads\/2024\/09\/MONEDERO-ROSA-150x150.jpg\" class=\"attachment-thumbnail size-thumbnail\" alt=\"\" \/><\/a>\n\t\t\t<\/dt><\/dl>\n\t\t\t<br style='clear: both' \/>\n\t\t<\/div>\n\n","protected":false},"excerpt":{"rendered":"<p>Monedero de tela dise\u00f1ado y producido de manera local y sostenible. El trabajo de costura se ha llevado a cabo por personas con enfermedad mental de ASAPME Teruel, en su Centro Especial de Empleo Trapecio.<\/p>\n<p>Puedes elegir entre cinco colores: rosa, verde, amarillo, azul y negro. Este art\u00edculo se produce artesanalmente en peque\u00f1os lotes, por lo que el stock puede variar seg\u00fan disponibilidad en el momento de compra.<\/p>\n","protected":false},"featured_media":11714,"template":"","meta":{"_acf_changed":false,"_et_pb_use_builder":"","_et_pb_old_content":"","_et_gb_content_width":""},"product_cat":[206,169,167],"product_tag":[181],"class_list":["post-11553","product","type-product","status-publish","has-post-thumbnail","hentry","product_cat-coleccion-infantil-amantes-de-teruel","product_cat-souvenirs","product_cat-textil","product_tag-amantes-de-teruel"],"acf":[],"_links":{"self":[{"href":"https:\/\/amantesdeteruel.es\/fr\/wp-json\/wp\/v2\/product\/11553","targetHints":{"allow":["GET"]}}],"collection":[{"href":"https:\/\/amantesdeteruel.es\/fr\/wp-json\/wp\/v2\/product"}],"about":[{"href":"https:\/\/amantesdeteruel.es\/fr\/wp-json\/wp\/v2\/types\/product"}],"wp:featuredmedia":[{"embeddable":true,"href":"https:\/\/amantesdeteruel.es\/fr\/wp-json\/wp\/v2\/media\/11714"}],"wp:attachment":[{"href":"https:\/\/amantesdeteruel.es\/fr\/wp-json\/wp\/v2\/media?parent=11553"}],"wp:term":[{"taxonomy":"product_cat","embeddable":true,"href":"https:\/\/amantesdeteruel.es\/fr\/wp-json\/wp\/v2\/product_cat?post=11553"},{"taxonomy":"product_tag","embeddable":true,"href":"https:\/\/amantesdeteruel.es\/fr\/wp-json\/wp\/v2\/product_tag?post=11553"}],"curies":[{"name":"wp","href":"https:\/\/api.w.org\/{rel}","templated":true}]}}