{"id":2006,"date":"2014-07-16T13:27:15","date_gmt":"2014-07-16T13:27:15","guid":{"rendered":"https:\/\/amantesdeteruel.es\/product\/guia-didactica-6-9-anos\/"},"modified":"2025-04-28T00:00:07","modified_gmt":"2025-04-28T00:00:07","slug":"guia-didactica-6-9-anos","status":"publish","type":"product","link":"https:\/\/amantesdeteruel.es\/fr\/producto\/guia-didactica-6-9-anos\/","title":{"rendered":"Gu\u00eda Did\u00e1ctica (6-9 a\u00f1os)"},"content":{"rendered":"<p>Est\u00e1 estructurada en tres secciones que se corresponden con las desarrolladas en la visita al Conjunto Amantes. Cada secci\u00f3n comprende una introducci\u00f3n te\u00f3rica y una serie de actividades l\u00fadicas relacionadas con el tema correspondiente.<\/p>\n","protected":false},"excerpt":{"rendered":"<p>Gu\u00eda did\u00e1ctica dirigida a ni\u00f1os de entre 6 y 9 a\u00f1os. La intenci\u00f3n de esta gu\u00eda es facilitar al ni\u00f1o el conocimiento del patrimonio de la ciudad de Teruel y su puesta en valor de una forma educativa y atractiva.<\/p>\n","protected":false},"featured_media":4700,"template":"","meta":{"_acf_changed":false,"_et_pb_use_builder":"","_et_pb_old_content":"","_et_gb_content_width":""},"product_cat":[172],"product_tag":[],"class_list":["post-2006","product","type-product","status-publish","has-post-thumbnail","hentry","product_cat-publicaciones"],"acf":[],"_links":{"self":[{"href":"https:\/\/amantesdeteruel.es\/fr\/wp-json\/wp\/v2\/product\/2006","targetHints":{"allow":["GET"]}}],"collection":[{"href":"https:\/\/amantesdeteruel.es\/fr\/wp-json\/wp\/v2\/product"}],"about":[{"href":"https:\/\/amantesdeteruel.es\/fr\/wp-json\/wp\/v2\/types\/product"}],"wp:featuredmedia":[{"embeddable":true,"href":"https:\/\/amantesdeteruel.es\/fr\/wp-json\/wp\/v2\/media\/4700"}],"wp:attachment":[{"href":"https:\/\/amantesdeteruel.es\/fr\/wp-json\/wp\/v2\/media?parent=2006"}],"wp:term":[{"taxonomy":"product_cat","embeddable":true,"href":"https:\/\/amantesdeteruel.es\/fr\/wp-json\/wp\/v2\/product_cat?post=2006"},{"taxonomy":"product_tag","embeddable":true,"href":"https:\/\/amantesdeteruel.es\/fr\/wp-json\/wp\/v2\/product_tag?post=2006"}],"curies":[{"name":"wp","href":"https:\/\/api.w.org\/{rel}","templated":true}]}}