{"id":2056,"date":"2016-01-27T13:49:27","date_gmt":"2016-01-27T13:49:27","guid":{"rendered":"https:\/\/amantesdeteruel.es\/product\/una-noche-con-los-amantes-de-teruel\/"},"modified":"2024-12-09T10:42:07","modified_gmt":"2024-12-09T10:42:07","slug":"una-noche-con-los-amantes-de-teruel","status":"publish","type":"product","link":"https:\/\/amantesdeteruel.es\/fr\/producto\/una-noche-con-los-amantes-de-teruel\/","title":{"rendered":"UNA NOCHE CON LOS AMANTES DE TERUEL"},"content":{"rendered":"<p><span class=\"\"\"\"\"\"\"\"\"\"\"\"\"\"\"\"\"\"\"\"\"\"fsl\"\"\"\"\"\"\"\"\"\"\"\"\"\"\"\"\"\"\"\"\"\">El escritor Javier Sierra, uno de los autores espa\u00f1oles con m\u00e1s proyecci\u00f3n internacional, presenta el viernes 5 de febrero, a las 20 horas en la iglesia de San Pedro de Teruel, el cuaderno de viaje Una noche con los Amantes de Teruel, una obra editada por el Ayuntamiento de la capital turolense, la Fundaci\u00f3n Amantes y Diario de Teruel.<\/p>\n<p> El autor, que ha vendido millones de ejemplares en m\u00e1s de 40 pa\u00edses, acept\u00f3 el reto de repetir la experiencia que tuvo en 2002 en la Gran Pir\u00e1mide de Egipto, que despu\u00e9s volc\u00f3 en el best seller La pir\u00e1mide inmortal. Sierra se encerr\u00f3 el 14 de mayo de 2015 en el Mausoleo que acoge las momias de Isabel de Segura y Diego de Marcilla, los Amantes de Teruel y all\u00ed, adem\u00e1s, se entrevist\u00f3 con diferentes expertos y estudiosos que trabajan para arrojar luz sobre una de las historias rom\u00e1nticas m\u00e1s conocidas en todo el mundo.<\/p>\n<p> El cuaderno de viaje, elaborado de manera artesanal y del que se lanzan en la primera edici\u00f3n 3.000 ejemplares numerados, consta de 40 p\u00e1ginas en las que Sierra cuenta al detalle la experiencia vivida y relata sus conclusiones sobre una historia que ha hecho a la ciudad de Teruel mundialmente conocida.<\/span><\/p>\n","protected":false},"excerpt":{"rendered":"<p>Cuaderno de viaje\u00a0escrito por Javier Sierra,\u00a0elaborado de manera artesanal y del que se lanzan en la primera edici\u00f3n 3.000 ejemplares numerados, consta de 40 p\u00e1ginas en las que Sierra cuenta al detalle la experiencia vivida Una\u00a0noche con los Amantes de Teruel \u00a0y relata sus conclusiones sobre una historia que ha hecho a la ciudad de Teruel mundialmente conocida.<\/p>\n","protected":false},"featured_media":7273,"template":"","meta":{"_acf_changed":false,"_et_pb_use_builder":"off","_et_pb_old_content":"<p><span class=\"\"\"\"\"\"\"\"\"\"\"\"\"\"\"\"\"\"\"\"\"\"fsl\"\"\"\"\"\"\"\"\"\"\"\"\"\"\"\"\"\"\"\"\"\">El escritor Javier Sierra, uno de los autores espa\u00f1oles con m\u00e1s proyecci\u00f3n internacional, presenta el viernes 5 de febrero, a las 20 horas en la iglesia de San Pedro de Teruel, el cuaderno de viaje Una noche con los Amantes de Teruel, una obra editada por el Ayuntamiento de la capital turolense, la Fundaci\u00f3n Amantes y Diario de Teruel.<br \/><br \/> El autor, que ha vendido millones de ejemplares en m\u00e1s de 40 pa\u00edses, acept\u00f3 el reto de repetir la experiencia que tuvo en 2002 en la Gran Pir\u00e1mide de Egipto, que despu\u00e9s volc\u00f3 en el best seller La pir\u00e1mide inmortal. Sierra se encerr\u00f3 el 14 de mayo de 2015 en el Mausoleo que acoge las momias de Isabel de Segura y Diego de Marcilla, los Amantes de Teruel y all\u00ed, adem\u00e1s, se entrevist\u00f3 con diferentes expertos y estudiosos que trabajan para arrojar luz sobre una de las historias rom\u00e1nticas m\u00e1s conocidas en todo el mundo.<br \/><br \/> El cuaderno de viaje, elaborado de manera artesanal y del que se lanzan en la primera edici\u00f3n 3.000 ejemplares numerados, consta de 40 p\u00e1ginas en las que Sierra cuenta al detalle la experiencia vivida y relata sus conclusiones sobre una historia que ha hecho a la ciudad de Teruel mundialmente conocida.<\/span><\/p>","_et_gb_content_width":""},"product_cat":[164,172,251],"product_tag":[],"class_list":["post-2056","product","type-product","status-publish","has-post-thumbnail","hentry","product_cat-destacados","product_cat-publicaciones","product_cat-san-valentin"],"acf":[],"_links":{"self":[{"href":"https:\/\/amantesdeteruel.es\/fr\/wp-json\/wp\/v2\/product\/2056","targetHints":{"allow":["GET"]}}],"collection":[{"href":"https:\/\/amantesdeteruel.es\/fr\/wp-json\/wp\/v2\/product"}],"about":[{"href":"https:\/\/amantesdeteruel.es\/fr\/wp-json\/wp\/v2\/types\/product"}],"wp:featuredmedia":[{"embeddable":true,"href":"https:\/\/amantesdeteruel.es\/fr\/wp-json\/wp\/v2\/media\/7273"}],"wp:attachment":[{"href":"https:\/\/amantesdeteruel.es\/fr\/wp-json\/wp\/v2\/media?parent=2056"}],"wp:term":[{"taxonomy":"product_cat","embeddable":true,"href":"https:\/\/amantesdeteruel.es\/fr\/wp-json\/wp\/v2\/product_cat?post=2056"},{"taxonomy":"product_tag","embeddable":true,"href":"https:\/\/amantesdeteruel.es\/fr\/wp-json\/wp\/v2\/product_tag?post=2056"}],"curies":[{"name":"wp","href":"https:\/\/api.w.org\/{rel}","templated":true}]}}