{"id":7181,"date":"2014-07-16T11:57:51","date_gmt":"2014-07-16T11:57:51","guid":{"rendered":"https:\/\/amantesdeteruel.es\/product\/chocolate-el-amor-nuevo\/"},"modified":"2026-01-23T17:06:06","modified_gmt":"2026-01-23T17:06:06","slug":"chocolate-el-amor-nuevo","status":"publish","type":"product","link":"https:\/\/amantesdeteruel.es\/fr\/produit\/chocolate-el-amor-nuevo\/","title":{"rendered":"CHOCOLATE EL AMOR NUEVO"},"content":{"rendered":"<p>Tras una rigurosa selecci\u00f3n de los m\u00e1s suaves cacaos, los hemos mezclado con caramelo y violeta para obtener un chocolate muy suave con el caracter\u00edstico sabor a la violeta. El 5% de todas las ventas de este excelente chocolate revierten en la Fundaci\u00f3n Amantes de Teruel<\/p>\n","protected":false},"excerpt":{"rendered":"<p>Chocolate con leche, caramelo y un toque de violeta, realizado por la Confiter\u00eda Mu\u00f1oz.<br \/>\nEst\u00e1 envasado en una caja que reproduce el motivo central del Mural El Amor Nuevo de Jorge Gay que est\u00e1 en el Mausoleo de los Amantes en Teruel.<\/p>\n","protected":false},"featured_media":7184,"template":"","meta":{"_acf_changed":false,"_et_pb_use_builder":"off","_et_pb_old_content":"Tras una rigurosa selecci\u00f3n de los m\u00e1s suaves cacaos, los hemos mezclado con caramelo y violeta para obtener un chocolate muy suave con el caracter\u00edstico sabor a la violeta. El 5% de todas las ventas de este excelente chocolate revierten en la Fundaci\u00f3n Amantes de Teruel","_et_gb_content_width":""},"product_cat":[325,322,323,324],"product_tag":[],"class_list":["post-7181","product","type-product","status-publish","has-post-thumbnail","hentry","product_cat-alimentacion-fr","product_cat-coleccion-el-amor-nuevo-fr","product_cat-destacados-fr","product_cat-san-valentin-fr"],"acf":[],"_links":{"self":[{"href":"https:\/\/amantesdeteruel.es\/fr\/wp-json\/wp\/v2\/product\/7181","targetHints":{"allow":["GET"]}}],"collection":[{"href":"https:\/\/amantesdeteruel.es\/fr\/wp-json\/wp\/v2\/product"}],"about":[{"href":"https:\/\/amantesdeteruel.es\/fr\/wp-json\/wp\/v2\/types\/product"}],"wp:featuredmedia":[{"embeddable":true,"href":"https:\/\/amantesdeteruel.es\/fr\/wp-json\/wp\/v2\/media\/7184"}],"wp:attachment":[{"href":"https:\/\/amantesdeteruel.es\/fr\/wp-json\/wp\/v2\/media?parent=7181"}],"wp:term":[{"taxonomy":"product_cat","embeddable":true,"href":"https:\/\/amantesdeteruel.es\/fr\/wp-json\/wp\/v2\/product_cat?post=7181"},{"taxonomy":"product_tag","embeddable":true,"href":"https:\/\/amantesdeteruel.es\/fr\/wp-json\/wp\/v2\/product_tag?post=7181"}],"curies":[{"name":"wp","href":"https:\/\/api.w.org\/{rel}","templated":true}]}}