{"id":8186,"date":"2023-02-02T10:07:14","date_gmt":"2023-02-02T10:07:14","guid":{"rendered":"https:\/\/amantesdeteruel.es\/?post_type=product&#038;p=8186"},"modified":"2026-03-15T10:03:10","modified_gmt":"2026-03-15T10:03:10","slug":"iman-fondo-blanco-beso-en-la-noche","status":"publish","type":"product","link":"https:\/\/amantesdeteruel.es\/fr\/producto\/iman-fondo-blanco-beso-en-la-noche\/","title":{"rendered":"IMAN FONDO BLANCO BESO EN LA NOCHE"},"content":{"rendered":"","protected":false},"excerpt":{"rendered":"<p>Im\u00e1n dise\u00f1ado y producido en exclusiva para la Fundaci\u00f3n Amantes de Teruel.<br \/>\nReproduce a los Amantes unidos por un beso o separados por una estrecha e irregular l\u00ednea. Trasmite el concepto del Amor.<\/p>\n","protected":false},"featured_media":8187,"template":"","meta":{"_acf_changed":false,"_et_pb_use_builder":"","_et_pb_old_content":"","_et_gb_content_width":""},"product_cat":[200,165,169],"product_tag":[181,175],"class_list":["post-8186","product","type-product","status-publish","has-post-thumbnail","hentry","product_cat-coleccion-beso-en-la-noche","product_cat-papeleria","product_cat-souvenirs","product_tag-amantes-de-teruel","product_tag-iman"],"acf":[],"_links":{"self":[{"href":"https:\/\/amantesdeteruel.es\/fr\/wp-json\/wp\/v2\/product\/8186","targetHints":{"allow":["GET"]}}],"collection":[{"href":"https:\/\/amantesdeteruel.es\/fr\/wp-json\/wp\/v2\/product"}],"about":[{"href":"https:\/\/amantesdeteruel.es\/fr\/wp-json\/wp\/v2\/types\/product"}],"wp:featuredmedia":[{"embeddable":true,"href":"https:\/\/amantesdeteruel.es\/fr\/wp-json\/wp\/v2\/media\/8187"}],"wp:attachment":[{"href":"https:\/\/amantesdeteruel.es\/fr\/wp-json\/wp\/v2\/media?parent=8186"}],"wp:term":[{"taxonomy":"product_cat","embeddable":true,"href":"https:\/\/amantesdeteruel.es\/fr\/wp-json\/wp\/v2\/product_cat?post=8186"},{"taxonomy":"product_tag","embeddable":true,"href":"https:\/\/amantesdeteruel.es\/fr\/wp-json\/wp\/v2\/product_tag?post=8186"}],"curies":[{"name":"wp","href":"https:\/\/api.w.org\/{rel}","templated":true}]}}