{"id":8453,"date":"2023-04-07T09:05:24","date_gmt":"2023-04-07T09:05:24","guid":{"rendered":"https:\/\/amantesdeteruel.es\/?post_type=product&#038;p=8453"},"modified":"2025-04-01T15:06:12","modified_gmt":"2025-04-01T15:06:12","slug":"libreta-pequena-beso-en-la-noche","status":"publish","type":"product","link":"https:\/\/amantesdeteruel.es\/fr\/producto\/libreta-pequena-beso-en-la-noche\/","title":{"rendered":"LIBRETA PEQUE\u00d1A BESO EN LA NOCHE"},"content":{"rendered":"","protected":false},"excerpt":{"rendered":"<p>Libreta dise\u00f1ada y producida en exclusiva para la Fundaci\u00f3n Amantes de Teruel.<br \/>\nReproduce a los Amantes unidos por un beso o separados por una estrecha e irregular l\u00ednea. Trasmite el concepto del Amor.<\/p>\n","protected":false},"featured_media":8454,"template":"","meta":{"_acf_changed":false,"_et_pb_use_builder":"","_et_pb_old_content":"","_et_gb_content_width":""},"product_cat":[200,165,251,169],"product_tag":[],"class_list":["post-8453","product","type-product","status-publish","has-post-thumbnail","hentry","product_cat-coleccion-beso-en-la-noche","product_cat-papeleria","product_cat-san-valentin","product_cat-souvenirs"],"acf":[],"_links":{"self":[{"href":"https:\/\/amantesdeteruel.es\/fr\/wp-json\/wp\/v2\/product\/8453","targetHints":{"allow":["GET"]}}],"collection":[{"href":"https:\/\/amantesdeteruel.es\/fr\/wp-json\/wp\/v2\/product"}],"about":[{"href":"https:\/\/amantesdeteruel.es\/fr\/wp-json\/wp\/v2\/types\/product"}],"wp:featuredmedia":[{"embeddable":true,"href":"https:\/\/amantesdeteruel.es\/fr\/wp-json\/wp\/v2\/media\/8454"}],"wp:attachment":[{"href":"https:\/\/amantesdeteruel.es\/fr\/wp-json\/wp\/v2\/media?parent=8453"}],"wp:term":[{"taxonomy":"product_cat","embeddable":true,"href":"https:\/\/amantesdeteruel.es\/fr\/wp-json\/wp\/v2\/product_cat?post=8453"},{"taxonomy":"product_tag","embeddable":true,"href":"https:\/\/amantesdeteruel.es\/fr\/wp-json\/wp\/v2\/product_tag?post=8453"}],"curies":[{"name":"wp","href":"https:\/\/api.w.org\/{rel}","templated":true}]}}